{"id":520,"date":"2016-12-05T16:04:56","date_gmt":"2016-12-05T15:04:56","guid":{"rendered":"https:\/\/htpp.hr\/?page_id=520"},"modified":"2021-06-28T12:14:57","modified_gmt":"2021-06-28T10:14:57","slug":"arhiva-skupstina-2015","status":"publish","type":"page","link":"https:\/\/hdpp.hr\/gb\/arhiva-skupstina-2015\/","title":{"rendered":"ARHIVA"},"content":{"rendered":"<p><span style=\"color: #000080;\"><strong><a style=\"color: #000080;\" href=\"https:\/\/hdpp.hr\/skupstina-split-27-09-2018\/\">Skup\u0161tina (Split, 27.09.2018.)<\/a><\/strong><\/span><\/p>\n<p><span style=\"color: #000080;\"><strong><a style=\"color: #000080;\" href=\"https:\/\/hdpp.hr\/skupstina-split-29-09-2016\/\">Skup\u0161tina (Split, 29.09.2016.)<\/a><\/strong><\/span><\/p>\n<p><span style=\"color: #000080;\"><strong><a style=\"color: #000080;\" href=\"https:\/\/hdpp.hr\/skupstina-mali-losinj-09-09-2015-2\/\">Skup\u0161tina (Mali Lo\u0161inj, 09.09.2015.)<\/a><\/strong><\/span><\/p>\n<p><span style=\"color: #000080;\"><strong><a style=\"color: #000080;\" href=\"https:\/\/hdpp.hr\/skupstina-zagreb-17-05-2013\/\">Skup\u0161tina (Zagreb, 17.05.2013.)<\/a><\/strong><\/span><\/p>\n<p><span style=\"color: #000080;\"><strong><a style=\"color: #000080;\" href=\"https:\/\/hdpp.hr\/skupstina-brijuni-02-06-2011\/\">Skup\u0161tina (Brijuni, 02.06.2011.)<\/a><\/strong><\/span><\/p>\n<p><span style=\"color: #000080;\"><strong><a style=\"color: #000080;\" href=\"https:\/\/hdpp.hr\/skupstina-split-02-12-2005\/\">Skup\u0161tina (Split, 02.12.2005)<\/a><\/strong><\/span><\/p>\n<p><span style=\"color: #000080;\"><strong><a style=\"color: #000080;\" href=\"https:\/\/hdpp.hr\/skupstina-rijeka17-12-2004\/\">Skup\u0161tina (Rijeka,17.12.2004.)<\/a><\/strong><\/span><\/p>\n<p><span style=\"color: #000080;\"><strong><a style=\"color: #000080;\" href=\"https:\/\/hdpp.hr\/skupstina-dubrovnik-02-10-2003\/\">Skup\u0161tina (Dubrovnik, 02.10.2003.)<\/a><\/strong><\/span><\/p>\n<p><span style=\"color: #000080;\"><strong><a style=\"color: #000080;\" href=\"https:\/\/hdpp.hr\/skupstina-rijeka12-04-2002\/\">Skup\u0161tina (Rijeka,12.04.2002.)<\/a><\/strong><\/span><\/p>\n<p><span style=\"color: #000080;\"><strong><a style=\"color: #000080;\" href=\"https:\/\/hdpp.hr\/skupstina-rijeka-02-06-2000\/\">Skup\u0161tina (Rijeka, 02.06.2000.)<\/a><\/strong><\/span><\/p>\n<p><span style=\"color: #000080;\"><strong><a style=\"color: #000080;\" href=\"https:\/\/hdpp.hr\/skupstina-rijeka-29-01-1999\/\">Skup\u0161tina (Rijeka, 29.01.1999.)<\/a><\/strong><\/span><\/p>\n<p>&nbsp;<\/p>\n<p>&nbsp;<\/p>\n<p>&nbsp;<\/p>\n<p>&nbsp;<\/p>\n<p>&nbsp;<\/p>\n<p>&nbsp;<\/p>\n<p>&nbsp;<\/p>\n","protected":false},"excerpt":{"rendered":"<p>Skup\u0161tina (Split, 27.09.2018.) Skup\u0161tina (Split, 29.09.2016.) Skup\u0161tina (Mali Lo\u0161inj, 09.09.2015.)  [&#8230;]<\/p>\n","protected":false},"author":1,"featured_media":0,"parent":0,"menu_order":0,"comment_status":"closed","ping_status":"closed","template":"","meta":{"_bbp_topic_count":0,"_bbp_reply_count":0,"_bbp_total_topic_count":0,"_bbp_total_reply_count":0,"_bbp_voice_count":0,"_bbp_anonymous_reply_count":0,"_bbp_topic_count_hidden":0,"_bbp_reply_count_hidden":0,"_bbp_forum_subforum_count":0,"ngg_post_thumbnail":0,"footnotes":""},"class_list":["post-520","page","type-page","status-publish","hentry"],"translation":{"provider":"WPGlobus","version":"3.0.0","language":"gb","enabled_languages":["hr","gb"],"languages":{"hr":{"title":true,"content":true,"excerpt":false},"gb":{"title":false,"content":false,"excerpt":false}}},"_links":{"self":[{"href":"https:\/\/hdpp.hr\/gb\/wp-json\/wp\/v2\/pages\/520","targetHints":{"allow":["GET"]}}],"collection":[{"href":"https:\/\/hdpp.hr\/gb\/wp-json\/wp\/v2\/pages"}],"about":[{"href":"https:\/\/hdpp.hr\/gb\/wp-json\/wp\/v2\/types\/page"}],"author":[{"embeddable":true,"href":"https:\/\/hdpp.hr\/gb\/wp-json\/wp\/v2\/users\/1"}],"replies":[{"embeddable":true,"href":"https:\/\/hdpp.hr\/gb\/wp-json\/wp\/v2\/comments?post=520"}],"version-history":[{"count":19,"href":"https:\/\/hdpp.hr\/gb\/wp-json\/wp\/v2\/pages\/520\/revisions"}],"predecessor-version":[{"id":1875,"href":"https:\/\/hdpp.hr\/gb\/wp-json\/wp\/v2\/pages\/520\/revisions\/1875"}],"wp:attachment":[{"href":"https:\/\/hdpp.hr\/gb\/wp-json\/wp\/v2\/media?parent=520"}],"curies":[{"name":"wp","href":"https:\/\/api.w.org\/{rel}","templated":true}]}}