{"id":514,"date":"2016-12-05T16:04:04","date_gmt":"2016-12-05T15:04:04","guid":{"rendered":"https:\/\/htpp.hr\/?page_id=514"},"modified":"2021-10-06T09:31:23","modified_gmt":"2021-10-06T07:31:23","slug":"djelatnosti","status":"publish","type":"page","link":"https:\/\/hdpp.hr\/gb\/djelatnosti\/","title":{"rendered":"DJELATNOSTI"},"content":{"rendered":"<p><strong>Djelatnosti kojima Dru\u0161tvo ostvaruje svoje ciljeve su:<\/strong><\/p>\n<ul>\n<li>organizacija i odr\u017eavanje stru\u010dnih i znanstvenih predavanja, skupova i savjetovanja iz oblasti pomorskog prava;<\/li>\n<li>objavljivanje stru\u010dnih i znanstvenih radova iz oblasti pomorskog prava;<\/li>\n<li>odr\u017eavanje diskusijskih sastanaka, seminara i tribina;<\/li>\n<li>strukovno povezivanje te stru\u010dno i profesionalno usavr\u0161avanje \u010dlanova;<\/li>\n<li>suradnja s organizacijama, ustanovama i udrugama kojih su djelatnosti vezane uz pomorstvo i pomorsko pravo;<\/li>\n<li>povezivanje i suradnja s nacionalnim udrugama za pomorsko pravo u inozemstvu, a posebno na regionalnoj i subregionalnoj razini (s udrugama koje djeluju na podru\u010dju Sredozemnog, odnosno Jadranskog mora);<\/li>\n<li>sudjelovanje na sastancima me\u0111unarodnih organizacija koje se bave problemima izjedna\u010denja pomorskog prava, a posebice Me\u0111unarodnog pomorskog odbora (Comit\u00e9 Maritime International);<\/li>\n<li>obrada nacrta, rezolucija i preporuka za me\u0111unarodne konvencije.<\/li>\n<\/ul>\n<p><strong>Ciljevi Dru\u0161tva su:<\/strong><\/p>\n<ul>\n<li>izu\u010davanje, promicanje i poticanje razvoja pomorskog prava;<\/li>\n<li>suradnja s dr\u017eavnim tijelima pri dono\u0161enju pravnih propisa pomorskog prava;<\/li>\n<li>suradnja s dr\u017eavnim tijelima i Me\u0111unarodnim pomorskim odborom pri me\u0111unarodnom izjedna\u010denju pomorskog prava.<\/li>\n<\/ul>\n","protected":false},"excerpt":{"rendered":"<p>Djelatnosti kojima Dru\u0161tvo ostvaruje svoje ciljeve su: organizacija i odr\u017eavanje  [&#8230;]<\/p>\n","protected":false},"author":1,"featured_media":0,"parent":0,"menu_order":0,"comment_status":"closed","ping_status":"closed","template":"","meta":{"_bbp_topic_count":0,"_bbp_reply_count":0,"_bbp_total_topic_count":0,"_bbp_total_reply_count":0,"_bbp_voice_count":0,"_bbp_anonymous_reply_count":0,"_bbp_topic_count_hidden":0,"_bbp_reply_count_hidden":0,"_bbp_forum_subforum_count":0,"ngg_post_thumbnail":0,"footnotes":""},"class_list":["post-514","page","type-page","status-publish","hentry"],"translation":{"provider":"WPGlobus","version":"3.0.0","language":"gb","enabled_languages":["hr","gb"],"languages":{"hr":{"title":true,"content":true,"excerpt":false},"gb":{"title":false,"content":false,"excerpt":false}}},"_links":{"self":[{"href":"https:\/\/hdpp.hr\/gb\/wp-json\/wp\/v2\/pages\/514","targetHints":{"allow":["GET"]}}],"collection":[{"href":"https:\/\/hdpp.hr\/gb\/wp-json\/wp\/v2\/pages"}],"about":[{"href":"https:\/\/hdpp.hr\/gb\/wp-json\/wp\/v2\/types\/page"}],"author":[{"embeddable":true,"href":"https:\/\/hdpp.hr\/gb\/wp-json\/wp\/v2\/users\/1"}],"replies":[{"embeddable":true,"href":"https:\/\/hdpp.hr\/gb\/wp-json\/wp\/v2\/comments?post=514"}],"version-history":[{"count":11,"href":"https:\/\/hdpp.hr\/gb\/wp-json\/wp\/v2\/pages\/514\/revisions"}],"predecessor-version":[{"id":2008,"href":"https:\/\/hdpp.hr\/gb\/wp-json\/wp\/v2\/pages\/514\/revisions\/2008"}],"wp:attachment":[{"href":"https:\/\/hdpp.hr\/gb\/wp-json\/wp\/v2\/media?parent=514"}],"curies":[{"name":"wp","href":"https:\/\/api.w.org\/{rel}","templated":true}]}}