{"id":3772,"date":"2026-04-24T15:32:11","date_gmt":"2026-04-24T13:32:11","guid":{"rendered":"https:\/\/hdpp.hr\/?page_id=3772"},"modified":"2026-04-24T16:23:58","modified_gmt":"2026-04-24T14:23:58","slug":"7th-adriatic-maritime-law-conference","status":"publish","type":"page","link":"https:\/\/hdpp.hr\/gb\/7th-adriatic-maritime-law-conference\/","title":{"rendered":"7th Adriatic Maritime Law Conference"},"content":{"rendered":"<div class=\"fusion-fullwidth fullwidth-box fusion-builder-row-1 fusion-flex-container nonhundred-percent-fullwidth non-hundred-percent-height-scrolling\" style=\"--awb-border-radius-top-left:0px;--awb-border-radius-top-right:0px;--awb-border-radius-bottom-right:0px;--awb-border-radius-bottom-left:0px;--awb-flex-wrap:wrap;\" ><div class=\"fusion-builder-row fusion-row fusion-flex-align-items-flex-start fusion-flex-content-wrap\" style=\"max-width:1248px;margin-left: calc(-4% \/ 2 );margin-right: calc(-4% \/ 2 );\"><div class=\"fusion-layout-column fusion_builder_column fusion-builder-column-0 fusion_builder_column_2_3 2_3 fusion-flex-column\" style=\"--awb-bg-size:cover;--awb-width-large:66.666666666667%;--awb-margin-top-large:0px;--awb-spacing-right-large:3.84%;--awb-margin-bottom-large:0px;--awb-spacing-left-large:2.88%;--awb-width-medium:66.666666666667%;--awb-spacing-right-medium:3.84%;--awb-spacing-left-medium:2.88%;--awb-width-small:100%;--awb-spacing-right-small:1.92%;--awb-spacing-left-small:1.92%;\"><div class=\"fusion-column-wrapper fusion-flex-justify-content-flex-start fusion-content-layout-column\"><div class=\"fusion-text fusion-text-1\"><p>Dru\u0161tvo za pomorsko pravo Slovenije ugostilo je u Izoli, od 9. do 11. travnja 2026. godine, 7. Adriatic Maritime Law Conference (AMLC). AMLC je skup koji se od 2016. godine redovito odr\u017eava s ciljem okupljanja pomorskopravnih stru\u010dnjaka iz regije, razmjene iskustava te rasprave o aktualnim temama od zajedni\u010dkog interesa dr\u017eava Jadranskog mora.<\/p>\n<p>Ovogodi\u0161nje, sedmo izdanje konferencije obilje\u017eilo je i priklju\u010denje novoosnovanog Albanskog dru\u0161tva za pomorsko pravo, \u010dime je dodatno potvr\u0111ena kontinuirana regionalna ekspanzija i ja\u010danje mre\u017ee suradnje.<\/p>\n<p>Uz bogat i raznolik program, konferenciju je i ove godine obilje\u017eio sna\u017ean osje\u0107aj povezanosti me\u0111u sudionicima. AMLC se tijekom godina razvio ne samo u relevantnu znanstveno-stru\u010dnu platformu, ve\u0107 i u prostor neformalnog umre\u017eavanja, razmjene iskustava i profesionalnog dru\u017eenja, koji doprinosi ja\u010danju dugoro\u010dnih odnosa me\u0111u \u010dlanovima pomorskopravne zajednice Jadranske regije.<\/p>\n<\/div><\/div><\/div><div class=\"fusion-layout-column fusion_builder_column fusion-builder-column-1 fusion_builder_column_1_3 1_3 fusion-flex-column\" style=\"--awb-bg-size:cover;--awb-width-large:33.333333333333%;--awb-margin-top-large:0px;--awb-spacing-right-large:5.76%;--awb-margin-bottom-large:20px;--awb-spacing-left-large:3.84%;--awb-width-medium:33.333333333333%;--awb-order-medium:0;--awb-spacing-right-medium:5.76%;--awb-spacing-left-medium:3.84%;--awb-width-small:100%;--awb-order-small:0;--awb-spacing-right-small:1.92%;--awb-spacing-left-small:1.92%;\"><div class=\"fusion-column-wrapper fusion-column-has-shadow fusion-flex-justify-content-flex-start fusion-content-layout-column\"><div ><a class=\"fusion-button button-flat fusion-button-default-size button-default fusion-button-default button-1 fusion-button-span-yes fusion-button-default-type\" style=\"--button_margin-top:20px;--button_margin-bottom:20px;\" target=\"_self\" href=\"https:\/\/hdpp.hr\/wp-content\/uploads\/2026\/04\/AMLC-VII-Book-of-Abstracts-A5-1.pdf\"><span class=\"fusion-button-text awb-button__text awb-button__text--default\">Book of Abstracts<\/span><\/a><\/div><div ><a class=\"fusion-button button-flat fusion-button-default-size button-default fusion-button-default button-2 fusion-button-span-yes fusion-button-default-type\" style=\"--button_margin-bottom:40px;\" target=\"_self\" href=\"https:\/\/hdpp.hr\/wp-content\/uploads\/2026\/03\/AMLC-VII-Programme.pdf\"><span class=\"fusion-button-text awb-button__text awb-button__text--default\">Programme<\/span><\/a><\/div><div class=\"fusion-image-element \" style=\"--awb-caption-title-font-family:var(--h2_typography-font-family);--awb-caption-title-font-weight:var(--h2_typography-font-weight);--awb-caption-title-font-style:var(--h2_typography-font-style);--awb-caption-title-size:var(--h2_typography-font-size);--awb-caption-title-transform:var(--h2_typography-text-transform);--awb-caption-title-line-height:var(--h2_typography-line-height);--awb-caption-title-letter-spacing:var(--h2_typography-letter-spacing);\"><span class=\" fusion-imageframe imageframe-none imageframe-1 hover-type-none\"><img decoding=\"async\" width=\"902\" height=\"209\" title=\"organizers\" src=\"https:\/\/hdpp.hr\/wp-content\/uploads\/2026\/03\/organizers.png\" alt class=\"img-responsive wp-image-3765\" srcset=\"https:\/\/hdpp.hr\/wp-content\/uploads\/2026\/03\/organizers-200x46.png 200w, https:\/\/hdpp.hr\/wp-content\/uploads\/2026\/03\/organizers-400x93.png 400w, https:\/\/hdpp.hr\/wp-content\/uploads\/2026\/03\/organizers-600x139.png 600w, https:\/\/hdpp.hr\/wp-content\/uploads\/2026\/03\/organizers-800x185.png 800w, https:\/\/hdpp.hr\/wp-content\/uploads\/2026\/03\/organizers.png 902w\" sizes=\"(max-width: 640px) 100vw, 400px\" \/><\/span><\/div><\/div><\/div><\/div><\/div><div class=\"fusion-fullwidth fullwidth-box fusion-builder-row-2 fusion-flex-container has-pattern-background has-mask-background nonhundred-percent-fullwidth non-hundred-percent-height-scrolling\" style=\"--awb-border-radius-top-left:0px;--awb-border-radius-top-right:0px;--awb-border-radius-bottom-right:0px;--awb-border-radius-bottom-left:0px;--awb-flex-wrap:wrap;\" ><div class=\"fusion-builder-row fusion-row fusion-flex-align-items-flex-start fusion-flex-content-wrap\" style=\"max-width:1248px;margin-left: calc(-4% \/ 2 );margin-right: calc(-4% \/ 2 );\"><div class=\"fusion-layout-column fusion_builder_column fusion-builder-column-2 fusion_builder_column_1_1 1_1 fusion-flex-column\" style=\"--awb-bg-size:cover;--awb-width-large:100%;--awb-margin-top-large:0px;--awb-spacing-right-large:1.92%;--awb-margin-bottom-large:20px;--awb-spacing-left-large:1.92%;--awb-width-medium:100%;--awb-order-medium:0;--awb-spacing-right-medium:1.92%;--awb-spacing-left-medium:1.92%;--awb-width-small:100%;--awb-order-small:0;--awb-spacing-right-small:1.92%;--awb-spacing-left-small:1.92%;\"><div class=\"fusion-column-wrapper fusion-column-has-shadow fusion-flex-justify-content-flex-start fusion-content-layout-column\"><div class=\"fusion-image-element \" style=\"--awb-caption-title-font-family:var(--h2_typography-font-family);--awb-caption-title-font-weight:var(--h2_typography-font-weight);--awb-caption-title-font-style:var(--h2_typography-font-style);--awb-caption-title-size:var(--h2_typography-font-size);--awb-caption-title-transform:var(--h2_typography-text-transform);--awb-caption-title-line-height:var(--h2_typography-line-height);--awb-caption-title-letter-spacing:var(--h2_typography-letter-spacing);\"><span class=\" fusion-imageframe imageframe-none imageframe-2 hover-type-none\"><img decoding=\"async\" width=\"1024\" height=\"503\" title=\"conference-photo-1024&#215;503\" src=\"https:\/\/hdpp.hr\/wp-content\/uploads\/2026\/04\/conference-photo-1024x503-1.jpg\" alt class=\"img-responsive wp-image-3778\" srcset=\"https:\/\/hdpp.hr\/wp-content\/uploads\/2026\/04\/conference-photo-1024x503-1-200x98.jpg 200w, https:\/\/hdpp.hr\/wp-content\/uploads\/2026\/04\/conference-photo-1024x503-1-400x196.jpg 400w, https:\/\/hdpp.hr\/wp-content\/uploads\/2026\/04\/conference-photo-1024x503-1-600x295.jpg 600w, https:\/\/hdpp.hr\/wp-content\/uploads\/2026\/04\/conference-photo-1024x503-1-800x393.jpg 800w, https:\/\/hdpp.hr\/wp-content\/uploads\/2026\/04\/conference-photo-1024x503-1.jpg 1024w\" sizes=\"(max-width: 640px) 100vw, 1024px\" \/><\/span><\/div><div class=\"fusion-image-element \" style=\"--awb-margin-top:40px;--awb-caption-title-font-family:var(--h2_typography-font-family);--awb-caption-title-font-weight:var(--h2_typography-font-weight);--awb-caption-title-font-style:var(--h2_typography-font-style);--awb-caption-title-size:var(--h2_typography-font-size);--awb-caption-title-transform:var(--h2_typography-text-transform);--awb-caption-title-line-height:var(--h2_typography-line-height);--awb-caption-title-letter-spacing:var(--h2_typography-letter-spacing);\"><span class=\" fusion-imageframe imageframe-none imageframe-3 hover-type-none\"><img decoding=\"async\" width=\"1276\" height=\"700\" title=\"AMLC-VII-Adriatic-MLA-Meeting-e1776329112861\" src=\"https:\/\/hdpp.hr\/wp-content\/uploads\/2026\/04\/AMLC-VII-Adriatic-MLA-Meeting-e1776329112861.jpeg\" alt class=\"img-responsive wp-image-3811\" srcset=\"https:\/\/hdpp.hr\/wp-content\/uploads\/2026\/04\/AMLC-VII-Adriatic-MLA-Meeting-e1776329112861-200x110.jpeg 200w, https:\/\/hdpp.hr\/wp-content\/uploads\/2026\/04\/AMLC-VII-Adriatic-MLA-Meeting-e1776329112861-400x219.jpeg 400w, https:\/\/hdpp.hr\/wp-content\/uploads\/2026\/04\/AMLC-VII-Adriatic-MLA-Meeting-e1776329112861-600x329.jpeg 600w, https:\/\/hdpp.hr\/wp-content\/uploads\/2026\/04\/AMLC-VII-Adriatic-MLA-Meeting-e1776329112861-800x439.jpeg 800w, https:\/\/hdpp.hr\/wp-content\/uploads\/2026\/04\/AMLC-VII-Adriatic-MLA-Meeting-e1776329112861-1200x658.jpeg 1200w, https:\/\/hdpp.hr\/wp-content\/uploads\/2026\/04\/AMLC-VII-Adriatic-MLA-Meeting-e1776329112861.jpeg 1276w\" sizes=\"(max-width: 640px) 100vw, 1200px\" \/><\/span><\/div><\/div><\/div><\/div><\/div>\n","protected":false},"excerpt":{"rendered":"","protected":false},"author":18,"featured_media":0,"parent":0,"menu_order":0,"comment_status":"closed","ping_status":"closed","template":"","meta":{"_bbp_topic_count":0,"_bbp_reply_count":0,"_bbp_total_topic_count":0,"_bbp_total_reply_count":0,"_bbp_voice_count":0,"_bbp_anonymous_reply_count":0,"_bbp_topic_count_hidden":0,"_bbp_reply_count_hidden":0,"_bbp_forum_subforum_count":0,"ngg_post_thumbnail":0,"footnotes":""},"class_list":["post-3772","page","type-page","status-publish","hentry"],"translation":{"provider":"WPGlobus","version":"3.0.0","language":"gb","enabled_languages":["hr","gb"],"languages":{"hr":{"title":true,"content":true,"excerpt":false},"gb":{"title":false,"content":false,"excerpt":false}}},"_links":{"self":[{"href":"https:\/\/hdpp.hr\/gb\/wp-json\/wp\/v2\/pages\/3772","targetHints":{"allow":["GET"]}}],"collection":[{"href":"https:\/\/hdpp.hr\/gb\/wp-json\/wp\/v2\/pages"}],"about":[{"href":"https:\/\/hdpp.hr\/gb\/wp-json\/wp\/v2\/types\/page"}],"author":[{"embeddable":true,"href":"https:\/\/hdpp.hr\/gb\/wp-json\/wp\/v2\/users\/18"}],"replies":[{"embeddable":true,"href":"https:\/\/hdpp.hr\/gb\/wp-json\/wp\/v2\/comments?post=3772"}],"version-history":[{"count":12,"href":"https:\/\/hdpp.hr\/gb\/wp-json\/wp\/v2\/pages\/3772\/revisions"}],"predecessor-version":[{"id":3821,"href":"https:\/\/hdpp.hr\/gb\/wp-json\/wp\/v2\/pages\/3772\/revisions\/3821"}],"wp:attachment":[{"href":"https:\/\/hdpp.hr\/gb\/wp-json\/wp\/v2\/media?parent=3772"}],"curies":[{"name":"wp","href":"https:\/\/api.w.org\/{rel}","templated":true}]}}