{"id":3497,"date":"2024-10-21T17:29:04","date_gmt":"2024-10-21T15:29:04","guid":{"rendered":"https:\/\/hdpp.hr\/?page_id=3497"},"modified":"2024-10-22T15:28:14","modified_gmt":"2024-10-22T13:28:14","slug":"vi-amlc","status":"publish","type":"page","link":"https:\/\/hdpp.hr\/gb\/vi-amlc\/","title":{"rendered":"VI. AMLC"},"content":{"rendered":"<div class=\"fusion-fullwidth fullwidth-box fusion-builder-row-1 fusion-flex-container nonhundred-percent-fullwidth non-hundred-percent-height-scrolling\" style=\"--awb-border-radius-top-left:0px;--awb-border-radius-top-right:0px;--awb-border-radius-bottom-right:0px;--awb-border-radius-bottom-left:0px;--awb-flex-wrap:wrap;\" ><div class=\"fusion-builder-row fusion-row fusion-flex-align-items-flex-start fusion-flex-content-wrap\" style=\"max-width:1248px;margin-left: calc(-4% \/ 2 );margin-right: calc(-4% \/ 2 );\"><div class=\"fusion-layout-column fusion_builder_column fusion-builder-column-0 fusion_builder_column_2_3 2_3 fusion-flex-column\" style=\"--awb-bg-size:cover;--awb-width-large:66.666666666667%;--awb-margin-top-large:0px;--awb-spacing-right-large:2.88%;--awb-margin-bottom-large:20px;--awb-spacing-left-large:2.88%;--awb-width-medium:66.666666666667%;--awb-order-medium:0;--awb-spacing-right-medium:2.88%;--awb-spacing-left-medium:2.88%;--awb-width-small:100%;--awb-order-small:0;--awb-spacing-right-small:1.92%;--awb-spacing-left-small:1.92%;\"><div class=\"fusion-column-wrapper fusion-column-has-shadow fusion-flex-justify-content-flex-start fusion-content-layout-column\"><div class=\"fusion-text fusion-text-1\"><p>\u0160esto izdanje me\u0111unarodnog stru\u010dno-znanstvenog skupa Adriatic Maritime Law Conference (AMLC) ove se godine odr\u017ealo u Trstu, od 20. do 22. lipnja 2024.&nbsp; Veliko nam je zadovoljstvo da se u organizaciju skupa uz talijansko, hrvatsko i slovensko udru\u017eenje, ove godine uklju\u010dilo i novoosnovano Udru\u017eenje za pomorsko pravo Crne Gore.<\/p>\n<p>Paneli VI AMLC-a&nbsp; kombinirali su aktualne teme od zna\u010daja na pomorski sektor i regionalna pitanja od zajedni\u010dkog interesa.<\/p>\n<p>Bila je to prigoda i za obilje\u017eavanje 125. obljetnice osnutka Talijanskog dru\u0161tva za pomorsko pravo, osnovanog 1. srpnja 1899. Iskrene \u010destitke na ovoj velikoj obljetnici!<\/p>\n<\/div><\/div><\/div><div class=\"fusion-layout-column fusion_builder_column fusion-builder-column-1 fusion_builder_column_1_3 1_3 fusion-flex-column\" style=\"--awb-bg-size:cover;--awb-width-large:33.333333333333%;--awb-margin-top-large:0px;--awb-spacing-right-large:5.76%;--awb-margin-bottom-large:20px;--awb-spacing-left-large:5.76%;--awb-width-medium:33.333333333333%;--awb-order-medium:0;--awb-spacing-right-medium:5.76%;--awb-spacing-left-medium:5.76%;--awb-width-small:100%;--awb-order-small:0;--awb-spacing-right-small:1.92%;--awb-spacing-left-small:1.92%;\"><div class=\"fusion-column-wrapper fusion-column-has-shadow fusion-flex-justify-content-flex-start fusion-content-layout-column\"><div class=\"fusion-image-element \" style=\"text-align:center;--awb-caption-title-font-family:var(--h2_typography-font-family);--awb-caption-title-font-weight:var(--h2_typography-font-weight);--awb-caption-title-font-style:var(--h2_typography-font-style);--awb-caption-title-size:var(--h2_typography-font-size);--awb-caption-title-transform:var(--h2_typography-text-transform);--awb-caption-title-line-height:var(--h2_typography-line-height);--awb-caption-title-letter-spacing:var(--h2_typography-letter-spacing);\"><span class=\" fusion-imageframe imageframe-none imageframe-1 hover-type-none\"><img decoding=\"async\" width=\"215\" height=\"300\" title=\"Slika Trst\" src=\"https:\/\/hdpp.hr\/wp-content\/uploads\/2024\/06\/Slika-Trst-215x300.png\" alt class=\"img-responsive wp-image-3398\" srcset=\"https:\/\/hdpp.hr\/wp-content\/uploads\/2024\/06\/Slika-Trst-200x279.png 200w, https:\/\/hdpp.hr\/wp-content\/uploads\/2024\/06\/Slika-Trst-400x558.png 400w, https:\/\/hdpp.hr\/wp-content\/uploads\/2024\/06\/Slika-Trst.png 555w\" sizes=\"(max-width: 640px) 100vw, 400px\" \/><\/span><\/div><\/div><\/div><\/div><\/div><div class=\"fusion-fullwidth fullwidth-box fusion-builder-row-2 fusion-flex-container nonhundred-percent-fullwidth non-hundred-percent-height-scrolling\" style=\"--awb-border-radius-top-left:0px;--awb-border-radius-top-right:0px;--awb-border-radius-bottom-right:0px;--awb-border-radius-bottom-left:0px;--awb-flex-wrap:wrap;\" ><div class=\"fusion-builder-row fusion-row fusion-flex-align-items-flex-start fusion-flex-content-wrap\" style=\"max-width:1248px;margin-left: calc(-4% \/ 2 );margin-right: calc(-4% \/ 2 );\"><div class=\"fusion-layout-column fusion_builder_column fusion-builder-column-2 fusion_builder_column_1_3 1_3 fusion-flex-column\" style=\"--awb-bg-size:cover;--awb-width-large:33.333333333333%;--awb-margin-top-large:0px;--awb-spacing-right-large:5.76%;--awb-margin-bottom-large:20px;--awb-spacing-left-large:5.76%;--awb-width-medium:33.333333333333%;--awb-order-medium:0;--awb-spacing-right-medium:5.76%;--awb-spacing-left-medium:5.76%;--awb-width-small:100%;--awb-order-small:0;--awb-spacing-right-small:1.92%;--awb-spacing-left-small:1.92%;\"><div class=\"fusion-column-wrapper fusion-column-has-shadow fusion-flex-justify-content-flex-start fusion-content-layout-column\"><div class=\"fusion-image-element \" style=\"--awb-caption-title-font-family:var(--h2_typography-font-family);--awb-caption-title-font-weight:var(--h2_typography-font-weight);--awb-caption-title-font-style:var(--h2_typography-font-style);--awb-caption-title-size:var(--h2_typography-font-size);--awb-caption-title-transform:var(--h2_typography-text-transform);--awb-caption-title-line-height:var(--h2_typography-line-height);--awb-caption-title-letter-spacing:var(--h2_typography-letter-spacing);\"><span class=\" fusion-imageframe imageframe-none imageframe-2 hover-type-none\"><img decoding=\"async\" width=\"300\" height=\"225\" title=\"AMLC VI &#8211; Opening Ceremony_2\" src=\"https:\/\/hdpp.hr\/wp-content\/uploads\/2024\/10\/AMLC-VI-Opening-Ceremony_2-300x225.jpg\" alt class=\"img-responsive wp-image-3501\" srcset=\"https:\/\/hdpp.hr\/wp-content\/uploads\/2024\/10\/AMLC-VI-Opening-Ceremony_2-200x150.jpg 200w, https:\/\/hdpp.hr\/wp-content\/uploads\/2024\/10\/AMLC-VI-Opening-Ceremony_2-400x300.jpg 400w, https:\/\/hdpp.hr\/wp-content\/uploads\/2024\/10\/AMLC-VI-Opening-Ceremony_2-600x450.jpg 600w, https:\/\/hdpp.hr\/wp-content\/uploads\/2024\/10\/AMLC-VI-Opening-Ceremony_2-800x600.jpg 800w, https:\/\/hdpp.hr\/wp-content\/uploads\/2024\/10\/AMLC-VI-Opening-Ceremony_2-1200x900.jpg 1200w\" sizes=\"(max-width: 640px) 100vw, 400px\" \/><\/span><\/div><\/div><\/div><div class=\"fusion-layout-column fusion_builder_column fusion-builder-column-3 fusion_builder_column_1_3 1_3 fusion-flex-column\" style=\"--awb-bg-size:cover;--awb-width-large:33.333333333333%;--awb-margin-top-large:0px;--awb-spacing-right-large:5.76%;--awb-margin-bottom-large:20px;--awb-spacing-left-large:5.76%;--awb-width-medium:33.333333333333%;--awb-order-medium:0;--awb-spacing-right-medium:5.76%;--awb-spacing-left-medium:5.76%;--awb-width-small:100%;--awb-order-small:0;--awb-spacing-right-small:1.92%;--awb-spacing-left-small:1.92%;\"><div class=\"fusion-column-wrapper fusion-column-has-shadow fusion-flex-justify-content-flex-start fusion-content-layout-column\"><div class=\"fusion-image-element \" style=\"--awb-caption-title-font-family:var(--h2_typography-font-family);--awb-caption-title-font-weight:var(--h2_typography-font-weight);--awb-caption-title-font-style:var(--h2_typography-font-style);--awb-caption-title-size:var(--h2_typography-font-size);--awb-caption-title-transform:var(--h2_typography-text-transform);--awb-caption-title-line-height:var(--h2_typography-line-height);--awb-caption-title-letter-spacing:var(--h2_typography-letter-spacing);\"><span class=\" fusion-imageframe imageframe-none imageframe-3 hover-type-none\"><img decoding=\"async\" width=\"300\" height=\"225\" title=\"The Presidents of the Four Associations_2\" src=\"https:\/\/hdpp.hr\/wp-content\/uploads\/2024\/10\/The-Presidents-of-the-Four-Associations_2-300x225.jpg\" alt class=\"img-responsive wp-image-3502\" srcset=\"https:\/\/hdpp.hr\/wp-content\/uploads\/2024\/10\/The-Presidents-of-the-Four-Associations_2-200x150.jpg 200w, https:\/\/hdpp.hr\/wp-content\/uploads\/2024\/10\/The-Presidents-of-the-Four-Associations_2-400x300.jpg 400w, https:\/\/hdpp.hr\/wp-content\/uploads\/2024\/10\/The-Presidents-of-the-Four-Associations_2-600x450.jpg 600w, https:\/\/hdpp.hr\/wp-content\/uploads\/2024\/10\/The-Presidents-of-the-Four-Associations_2-800x600.jpg 800w, https:\/\/hdpp.hr\/wp-content\/uploads\/2024\/10\/The-Presidents-of-the-Four-Associations_2-1200x900.jpg 1200w\" sizes=\"(max-width: 640px) 100vw, 400px\" \/><\/span><\/div><\/div><\/div><div class=\"fusion-layout-column fusion_builder_column fusion-builder-column-4 fusion_builder_column_1_3 1_3 fusion-flex-column\" style=\"--awb-bg-size:cover;--awb-width-large:33.333333333333%;--awb-margin-top-large:0px;--awb-spacing-right-large:5.76%;--awb-margin-bottom-large:20px;--awb-spacing-left-large:5.76%;--awb-width-medium:33.333333333333%;--awb-order-medium:0;--awb-spacing-right-medium:5.76%;--awb-spacing-left-medium:5.76%;--awb-width-small:100%;--awb-order-small:0;--awb-spacing-right-small:1.92%;--awb-spacing-left-small:1.92%;\"><div class=\"fusion-column-wrapper fusion-column-has-shadow fusion-flex-justify-content-flex-start fusion-content-layout-column\"><div ><a class=\"fusion-button button-flat fusion-button-default-size button-default fusion-button-default button-1 fusion-button-span-yes fusion-button-default-type\" target=\"_self\" href=\"https:\/\/hdpp.hr\/wp-content\/uploads\/2024\/06\/Program-1.pdf\"><span class=\"fusion-button-text awb-button__text awb-button__text--default\">Program skupa<\/span><\/a><\/div><div class=\"fusion-section-separator section-separator slant fusion-section-separator-1\" style=\"--awb-spacer-height:8px;--awb-svg-margin-left:5.76%;--awb-svg-margin-right:5.76%;--awb-svg-margin-left-medium:5.76%;--awb-svg-margin-right-medium:5.76%;--awb-svg-margin-left-small:1.92%;--awb-svg-margin-right-small:1.92%;--awb-divider-height:8px;--awb-spacer-padding-top:inherit;--awb-sep-padding:0;--awb-svg-padding:0;\"><div class=\"fusion-section-separator-svg\"><svg class=\"fusion-slant-candy\" xmlns=\"http:\/\/www.w3.org\/2000\/svg\" version=\"1.1\" width=\"100%\" height=\"100\" viewBox=\"0 0 100 100\" preserveAspectRatio=\"none\" fill=\"rgba(249,249,251,1)\"><path d=\"M100 0 L100 100 L0 0 Z\"><\/path><\/svg><\/div><div class=\"fusion-section-separator-spacer\"><div class=\"fusion-section-separator-spacer-height\"><\/div><\/div><\/div><div ><a class=\"fusion-button button-flat fusion-button-default-size button-default fusion-button-default button-2 fusion-button-span-yes fusion-button-default-type\" target=\"_self\" href=\"https:\/\/hdpp.hr\/wp-content\/uploads\/2024\/06\/AMLC-VI-Trieste-20-22-June-2024-Book-of-Abstracts-Powered-by-MaxAI.pdf\"><span class=\"fusion-button-text awb-button__text awb-button__text--default\">Book of Abstracts<\/span><\/a><\/div><\/div><\/div><\/div><\/div>\n","protected":false},"excerpt":{"rendered":"","protected":false},"author":18,"featured_media":0,"parent":0,"menu_order":0,"comment_status":"closed","ping_status":"closed","template":"","meta":{"_bbp_topic_count":0,"_bbp_reply_count":0,"_bbp_total_topic_count":0,"_bbp_total_reply_count":0,"_bbp_voice_count":0,"_bbp_anonymous_reply_count":0,"_bbp_topic_count_hidden":0,"_bbp_reply_count_hidden":0,"_bbp_forum_subforum_count":0,"ngg_post_thumbnail":0,"footnotes":""},"class_list":["post-3497","page","type-page","status-publish","hentry"],"translation":{"provider":"WPGlobus","version":"3.0.0","language":"gb","enabled_languages":["hr","gb"],"languages":{"hr":{"title":true,"content":true,"excerpt":false},"gb":{"title":false,"content":false,"excerpt":false}}},"_links":{"self":[{"href":"https:\/\/hdpp.hr\/gb\/wp-json\/wp\/v2\/pages\/3497","targetHints":{"allow":["GET"]}}],"collection":[{"href":"https:\/\/hdpp.hr\/gb\/wp-json\/wp\/v2\/pages"}],"about":[{"href":"https:\/\/hdpp.hr\/gb\/wp-json\/wp\/v2\/types\/page"}],"author":[{"embeddable":true,"href":"https:\/\/hdpp.hr\/gb\/wp-json\/wp\/v2\/users\/18"}],"replies":[{"embeddable":true,"href":"https:\/\/hdpp.hr\/gb\/wp-json\/wp\/v2\/comments?post=3497"}],"version-history":[{"count":7,"href":"https:\/\/hdpp.hr\/gb\/wp-json\/wp\/v2\/pages\/3497\/revisions"}],"predecessor-version":[{"id":3522,"href":"https:\/\/hdpp.hr\/gb\/wp-json\/wp\/v2\/pages\/3497\/revisions\/3522"}],"wp:attachment":[{"href":"https:\/\/hdpp.hr\/gb\/wp-json\/wp\/v2\/media?parent=3497"}],"curies":[{"name":"wp","href":"https:\/\/api.w.org\/{rel}","templated":true}]}}