{"id":3485,"date":"2024-10-19T11:34:45","date_gmt":"2024-10-19T09:34:45","guid":{"rendered":"https:\/\/hdpp.hr\/?page_id=3485"},"modified":"2024-11-29T16:03:01","modified_gmt":"2024-11-29T15:03:01","slug":"iuc-2024","status":"publish","type":"page","link":"https:\/\/hdpp.hr\/gb\/iuc-2024\/","title":{"rendered":"IUC 2024."},"content":{"rendered":"<div class=\"fusion-fullwidth fullwidth-box fusion-builder-row-1 fusion-flex-container nonhundred-percent-fullwidth non-hundred-percent-height-scrolling\" style=\"--awb-border-radius-top-left:0px;--awb-border-radius-top-right:0px;--awb-border-radius-bottom-right:0px;--awb-border-radius-bottom-left:0px;--awb-flex-wrap:wrap;\" ><div class=\"fusion-builder-row fusion-row fusion-flex-align-items-flex-start fusion-flex-content-wrap\" style=\"max-width:1248px;margin-left: calc(-4% \/ 2 );margin-right: calc(-4% \/ 2 );\"><div class=\"fusion-layout-column fusion_builder_column fusion-builder-column-0 fusion_builder_column_2_3 2_3 fusion-flex-column\" style=\"--awb-bg-size:cover;--awb-width-large:66.666666666667%;--awb-margin-top-large:0px;--awb-spacing-right-large:2.88%;--awb-margin-bottom-large:20px;--awb-spacing-left-large:2.88%;--awb-width-medium:66.666666666667%;--awb-order-medium:0;--awb-spacing-right-medium:2.88%;--awb-spacing-left-medium:2.88%;--awb-width-small:100%;--awb-order-small:0;--awb-spacing-right-small:1.92%;--awb-spacing-left-small:1.92%;\"><div class=\"fusion-column-wrapper fusion-column-has-shadow fusion-flex-justify-content-flex-start fusion-content-layout-column\"><div class=\"fusion-text fusion-text-1\"><p>Na Inter-University Centru u Dubrovniku odr\u017eao se od 16.-21. rujna 2024.&nbsp; tradicionalni, 5. IUC te\u010daj i skup o me\u0111unarodnom pomorskom i transportnom pravu \u2013 INTERNATIONAL MARITIME AND TRANSPORT LAW COURSE \u2013 MARITIME LAW COLLOQUIUM \u201cIN SEARCH FOR REGULATORY<br \/>\nAPPROACH TO AUTONOMOUS VESSELS\u201d \u2013 TRANSPORT LAW DE LEGE FERENDA 2024.<\/p>\n<p>Posebno je interesantan bio Maritime Law Colloquium posve\u0107en budu\u0107em pravnom okviru za autonomna plovila. Brojni respektabilni stru\u010dnjaci koji su izlagali o ukviru Colloquiuma doprinijeli su njegovoj kvaliteti i vrlo zanimljivim raspravama koje su otvorila brojna pitanja \u2013 od toga tko bi trebao (ili mogao biti) odgovoran za \u0161tete nastale autonomnim plovilima, jesu li potrebne prilagodbe postoje\u0107ih konvencija ili su specifi\u010dnosti ovih brodova tolike da zahtijevaju zaseban pravni okvir, ako da, je li potrebno za sve slu\u010dajeve gra\u0111anske odgovornosti uvoditi objektivnu odgovornost i obvezno osiguranje od odgovornosti\u2026&nbsp; Rasprave su se \u010desto nastavljale i na neformalim dru\u017eenjima koja su, kao i svake godine, bila iznimno ugodna.<\/p>\n<p>Studenti i doktorandi imali su priliku slu\u0161ati i predavanja i izlaganja izlaganje i o drugim, op\u0107im, pomorsko pravnim temama, a koje su izlagali pomorskopravni stru\u010dnjaci iz desetak zemalja. Blokovi te\u010daja bili su posve\u0107eni unifikaciji pomorskog i transportnog prava, pravu za\u0161tite morskog okoli\u0161a, digitalizaciji pomorskog i transportnog prava, pomorskom radnom pravu.<\/p>\n<\/div><\/div><\/div><div class=\"fusion-layout-column fusion_builder_column fusion-builder-column-1 fusion_builder_column_1_3 1_3 fusion-flex-column\" style=\"--awb-bg-size:cover;--awb-width-large:33.333333333333%;--awb-margin-top-large:0px;--awb-spacing-right-large:5.76%;--awb-margin-bottom-large:20px;--awb-spacing-left-large:5.76%;--awb-width-medium:33.333333333333%;--awb-order-medium:0;--awb-spacing-right-medium:5.76%;--awb-spacing-left-medium:5.76%;--awb-width-small:100%;--awb-order-small:0;--awb-spacing-right-small:1.92%;--awb-spacing-left-small:1.92%;\"><div class=\"fusion-column-wrapper fusion-column-has-shadow fusion-flex-justify-content-flex-start fusion-content-layout-column\"><div class=\"fusion-image-element \" style=\"--awb-caption-title-font-family:var(--h2_typography-font-family);--awb-caption-title-font-weight:var(--h2_typography-font-weight);--awb-caption-title-font-style:var(--h2_typography-font-style);--awb-caption-title-size:var(--h2_typography-font-size);--awb-caption-title-transform:var(--h2_typography-text-transform);--awb-caption-title-line-height:var(--h2_typography-line-height);--awb-caption-title-letter-spacing:var(--h2_typography-letter-spacing);\"><span class=\" fusion-imageframe imageframe-none imageframe-1 hover-type-none\"><img decoding=\"async\" width=\"300\" height=\"169\" title=\"dubrovnik-512798_1280\" src=\"https:\/\/hdpp.hr\/wp-content\/uploads\/2024\/09\/dubrovnik-512798_1280-300x169.jpg\" alt class=\"img-responsive wp-image-3434\" srcset=\"https:\/\/hdpp.hr\/wp-content\/uploads\/2024\/09\/dubrovnik-512798_1280-200x113.jpg 200w, https:\/\/hdpp.hr\/wp-content\/uploads\/2024\/09\/dubrovnik-512798_1280-400x225.jpg 400w, https:\/\/hdpp.hr\/wp-content\/uploads\/2024\/09\/dubrovnik-512798_1280-600x338.jpg 600w, https:\/\/hdpp.hr\/wp-content\/uploads\/2024\/09\/dubrovnik-512798_1280-800x450.jpg 800w, https:\/\/hdpp.hr\/wp-content\/uploads\/2024\/09\/dubrovnik-512798_1280-1200x675.jpg 1200w, https:\/\/hdpp.hr\/wp-content\/uploads\/2024\/09\/dubrovnik-512798_1280.jpg 1280w\" sizes=\"(max-width: 640px) 100vw, 400px\" \/><\/span><\/div><div class=\"fusion-section-separator section-separator slant fusion-section-separator-1\" style=\"--awb-spacer-height:150;--awb-svg-margin-left:5.76%;--awb-svg-margin-right:5.76%;--awb-svg-margin-left-medium:5.76%;--awb-svg-margin-right-medium:5.76%;--awb-svg-margin-left-small:1.92%;--awb-svg-margin-right-small:1.92%;--awb-divider-height:150;--awb-spacer-padding-top:inherit;--awb-sep-padding:0;--awb-svg-padding:0;\"><div class=\"fusion-section-separator-svg\"><svg class=\"fusion-slant-candy\" xmlns=\"http:\/\/www.w3.org\/2000\/svg\" version=\"1.1\" width=\"100%\" height=\"100\" viewBox=\"0 0 100 100\" preserveAspectRatio=\"none\" fill=\"rgba(249,249,251,1)\"><path d=\"M100 0 L100 100 L0 0 Z\"><\/path><\/svg><\/div><div class=\"fusion-section-separator-spacer\"><div class=\"fusion-section-separator-spacer-height\"><\/div><\/div><\/div><div ><a class=\"fusion-button button-flat fusion-button-default-size button-default fusion-button-default button-1 fusion-button-default-span fusion-button-default-type\" target=\"_self\" href=\"https:\/\/hdpp.hr\/wp-content\/uploads\/2024\/09\/IUC-IMTLC-2024-Final-Draft-Programme.pdf\"><span class=\"fusion-button-text awb-button__text awb-button__text--default\">Program<\/span><\/a><\/div><div class=\"fusion-section-separator section-separator slant fusion-section-separator-2\" style=\"--awb-spacer-height:150;--awb-svg-margin-left:5.76%;--awb-svg-margin-right:5.76%;--awb-svg-margin-left-medium:5.76%;--awb-svg-margin-right-medium:5.76%;--awb-svg-margin-left-small:1.92%;--awb-svg-margin-right-small:1.92%;--awb-divider-height:150;--awb-spacer-padding-top:inherit;--awb-sep-padding:0;--awb-svg-padding:0;\"><div class=\"fusion-section-separator-svg\"><svg class=\"fusion-slant-candy\" xmlns=\"http:\/\/www.w3.org\/2000\/svg\" version=\"1.1\" width=\"100%\" height=\"100\" viewBox=\"0 0 100 100\" preserveAspectRatio=\"none\" fill=\"rgba(249,249,251,1)\"><path d=\"M100 0 L100 100 L0 0 Z\"><\/path><\/svg><\/div><div class=\"fusion-section-separator-spacer\"><div class=\"fusion-section-separator-spacer-height\"><\/div><\/div><\/div><div ><a class=\"fusion-button button-flat fusion-button-default-size button-default fusion-button-default button-2 fusion-button-default-span fusion-button-default-type\" target=\"_self\" href=\"https:\/\/hdpp.hr\/wp-content\/uploads\/2024\/11\/international-maritime-and-transport-law-course-2024-book-of-abstracts.pdf\"><span class=\"fusion-button-text awb-button__text awb-button__text--default\">Book of Abstracts<\/span><\/a><\/div><\/div><\/div><\/div><\/div>\n","protected":false},"excerpt":{"rendered":"","protected":false},"author":18,"featured_media":0,"parent":0,"menu_order":0,"comment_status":"closed","ping_status":"closed","template":"","meta":{"_bbp_topic_count":0,"_bbp_reply_count":0,"_bbp_total_topic_count":0,"_bbp_total_reply_count":0,"_bbp_voice_count":0,"_bbp_anonymous_reply_count":0,"_bbp_topic_count_hidden":0,"_bbp_reply_count_hidden":0,"_bbp_forum_subforum_count":0,"ngg_post_thumbnail":0,"footnotes":""},"class_list":["post-3485","page","type-page","status-publish","hentry"],"translation":{"provider":"WPGlobus","version":"3.0.0","language":"gb","enabled_languages":["hr","gb"],"languages":{"hr":{"title":true,"content":true,"excerpt":false},"gb":{"title":false,"content":false,"excerpt":false}}},"_links":{"self":[{"href":"https:\/\/hdpp.hr\/gb\/wp-json\/wp\/v2\/pages\/3485","targetHints":{"allow":["GET"]}}],"collection":[{"href":"https:\/\/hdpp.hr\/gb\/wp-json\/wp\/v2\/pages"}],"about":[{"href":"https:\/\/hdpp.hr\/gb\/wp-json\/wp\/v2\/types\/page"}],"author":[{"embeddable":true,"href":"https:\/\/hdpp.hr\/gb\/wp-json\/wp\/v2\/users\/18"}],"replies":[{"embeddable":true,"href":"https:\/\/hdpp.hr\/gb\/wp-json\/wp\/v2\/comments?post=3485"}],"version-history":[{"count":3,"href":"https:\/\/hdpp.hr\/gb\/wp-json\/wp\/v2\/pages\/3485\/revisions"}],"predecessor-version":[{"id":3589,"href":"https:\/\/hdpp.hr\/gb\/wp-json\/wp\/v2\/pages\/3485\/revisions\/3589"}],"wp:attachment":[{"href":"https:\/\/hdpp.hr\/gb\/wp-json\/wp\/v2\/media?parent=3485"}],"curies":[{"name":"wp","href":"https:\/\/api.w.org\/{rel}","templated":true}]}}