{"id":3476,"date":"2024-10-19T11:17:17","date_gmt":"2024-10-19T09:17:17","guid":{"rendered":"https:\/\/hdpp.hr\/?page_id=3476"},"modified":"2024-10-19T11:26:44","modified_gmt":"2024-10-19T09:26:44","slug":"znanstveni-skup-pomorsko-imovinsko-pravo-i-pravo-osiguranja-in-memoriam-prof-dr-sc-drago-pavic","status":"publish","type":"page","link":"https:\/\/hdpp.hr\/gb\/znanstveni-skup-pomorsko-imovinsko-pravo-i-pravo-osiguranja-in-memoriam-prof-dr-sc-drago-pavic\/","title":{"rendered":"Znanstveni skup \u201ePomorsko imovinsko pravo i pravo osiguranja \u2013 in memoriam prof. dr. sc. Drago Pavi\u0107&#8221;"},"content":{"rendered":"<div class=\"fusion-fullwidth fullwidth-box fusion-builder-row-1 fusion-flex-container nonhundred-percent-fullwidth non-hundred-percent-height-scrolling\" style=\"--awb-border-radius-top-left:0px;--awb-border-radius-top-right:0px;--awb-border-radius-bottom-right:0px;--awb-border-radius-bottom-left:0px;--awb-flex-wrap:wrap;\" ><div class=\"fusion-builder-row fusion-row fusion-flex-align-items-flex-start fusion-flex-content-wrap\" style=\"max-width:1248px;margin-left: calc(-4% \/ 2 );margin-right: calc(-4% \/ 2 );\"><div class=\"fusion-layout-column fusion_builder_column fusion-builder-column-0 fusion_builder_column_1_1 1_1 fusion-flex-column\" style=\"--awb-bg-size:cover;--awb-width-large:100%;--awb-margin-top-large:0px;--awb-spacing-right-large:1.92%;--awb-margin-bottom-large:0px;--awb-spacing-left-large:1.92%;--awb-width-medium:100%;--awb-spacing-right-medium:1.92%;--awb-spacing-left-medium:1.92%;--awb-width-small:100%;--awb-spacing-right-small:1.92%;--awb-spacing-left-small:1.92%;\"><div class=\"fusion-column-wrapper fusion-flex-justify-content-flex-start fusion-content-layout-column\"><div class=\"fusion-text fusion-text-1\"><p>Jadranski zavod Hrvatske akademije znanosti i umjetnosti u suradnji s Pomorskim fakultetom Sveu\u010dili\u0161ta u Splitu, Hrvatskim dru\u0161tvom za pomorsko pravo, Hrvatskim dru\u0161tvom za transportno pravo i Hrvatskom udrugom za pravo osiguranja organizirao je u petak 15. prosinca 2023. u dvorani Knji\u017enice HAZU u Zagrebu znanstveni skup \u201ePomorsko imovinsko pravo i pravo osiguranja \u2013 in memoriam prof. dr. sc. Drago Pavi\u0107\u201c.<\/p>\n<p>Na znanstvenom skupu izlaganja su odr\u017eali eminentni doma\u0107i znanstvenici i pravni eksperti iz podru\u010dja pomorskog prava i prava osiguranja, temama kojima se u svom dugogodi\u0161njem znanstvenom i stru\u010dnom radu bavio nedavno preminuli prof. dr. sc. Drago Pavi\u0107.<\/p>\n<p>Izlaganja odr\u017eana na skupu mo\u017eete preuzeti u PDF formatu na stranicama Jadranskog zavoda sa sljede\u0107e <a href=\"https:\/\/hazu-my.sharepoint.com\/:f:\/g\/personal\/jsinovcicperkovic_hazu_hr\/En_HkagSHttHjjUZpQU3xI0Bb-4JZgYD8qvWunUTEZfSLQ?e=SLXnzb\">poveznice<\/a>.<\/p>\n<\/div><div ><a class=\"fusion-button button-flat fusion-button-default-size button-default fusion-button-default button-1 fusion-button-default-span fusion-button-default-type\" target=\"_self\" href=\"https:\/\/hdpp.hr\/wp-content\/uploads\/2023\/12\/Znanstveni-skup_WEB.pdf\"><span class=\"fusion-button-text awb-button__text awb-button__text--default\">Program<\/span><\/a><\/div><\/div><\/div><\/div><\/div><div class=\"fusion-fullwidth fullwidth-box fusion-builder-row-2 fusion-flex-container nonhundred-percent-fullwidth non-hundred-percent-height-scrolling\" style=\"--awb-border-radius-top-left:0px;--awb-border-radius-top-right:0px;--awb-border-radius-bottom-right:0px;--awb-border-radius-bottom-left:0px;--awb-flex-wrap:wrap;\" ><div class=\"fusion-builder-row fusion-row fusion-flex-align-items-flex-start fusion-flex-content-wrap\" style=\"max-width:1248px;margin-left: calc(-4% \/ 2 );margin-right: calc(-4% \/ 2 );\"><div class=\"fusion-layout-column fusion_builder_column fusion-builder-column-1 fusion_builder_column_1_1 1_1 fusion-flex-column\" style=\"--awb-bg-size:cover;--awb-width-large:100%;--awb-margin-top-large:0px;--awb-spacing-right-large:1.92%;--awb-margin-bottom-large:20px;--awb-spacing-left-large:1.92%;--awb-width-medium:100%;--awb-order-medium:0;--awb-spacing-right-medium:1.92%;--awb-spacing-left-medium:1.92%;--awb-width-small:100%;--awb-order-small:0;--awb-spacing-right-small:1.92%;--awb-spacing-left-small:1.92%;\"><div class=\"fusion-column-wrapper fusion-column-has-shadow fusion-flex-justify-content-flex-start fusion-content-layout-column\"><div class=\"fusion-section-separator section-separator slant fusion-section-separator-1\" style=\"--awb-spacer-height:99px;--awb-svg-margin-left:1.92%;--awb-svg-margin-right:1.92%;--awb-svg-margin-left-medium:1.92%;--awb-svg-margin-right-medium:1.92%;--awb-svg-margin-left-small:1.92%;--awb-svg-margin-right-small:1.92%;--awb-divider-height:99px;--awb-spacer-padding-top:inherit;--awb-sep-padding:0;--awb-svg-padding:0;\"><div class=\"fusion-section-separator-svg\"><svg class=\"fusion-slant-candy\" xmlns=\"http:\/\/www.w3.org\/2000\/svg\" version=\"1.1\" width=\"100%\" height=\"100\" viewBox=\"0 0 100 100\" preserveAspectRatio=\"none\" fill=\"rgba(249,249,251,1)\"><path d=\"M100 0 L100 100 L0 0 Z\"><\/path><\/svg><\/div><div class=\"fusion-section-separator-spacer\"><div class=\"fusion-section-separator-spacer-height\"><\/div><\/div><\/div><\/div><\/div><\/div><\/div><div class=\"fusion-fullwidth fullwidth-box fusion-builder-row-3 fusion-flex-container nonhundred-percent-fullwidth non-hundred-percent-height-scrolling\" style=\"--awb-border-radius-top-left:0px;--awb-border-radius-top-right:0px;--awb-border-radius-bottom-right:0px;--awb-border-radius-bottom-left:0px;--awb-flex-wrap:wrap;\" ><div class=\"fusion-builder-row fusion-row fusion-flex-align-items-flex-start fusion-flex-content-wrap\" style=\"max-width:1248px;margin-left: calc(-4% \/ 2 );margin-right: calc(-4% \/ 2 );\"><div class=\"fusion-layout-column fusion_builder_column fusion-builder-column-2 fusion_builder_column_1_3 1_3 fusion-flex-column\" style=\"--awb-bg-size:cover;--awb-width-large:33.333333333333%;--awb-margin-top-large:0px;--awb-spacing-right-large:5.76%;--awb-margin-bottom-large:20px;--awb-spacing-left-large:5.76%;--awb-width-medium:33.333333333333%;--awb-order-medium:0;--awb-spacing-right-medium:5.76%;--awb-spacing-left-medium:5.76%;--awb-width-small:100%;--awb-order-small:0;--awb-spacing-right-small:1.92%;--awb-spacing-left-small:1.92%;\"><div class=\"fusion-column-wrapper fusion-column-has-shadow fusion-flex-justify-content-flex-start fusion-content-layout-column\"><div class=\"fusion-image-element \" style=\"--awb-caption-title-font-family:var(--h2_typography-font-family);--awb-caption-title-font-weight:var(--h2_typography-font-weight);--awb-caption-title-font-style:var(--h2_typography-font-style);--awb-caption-title-size:var(--h2_typography-font-size);--awb-caption-title-transform:var(--h2_typography-text-transform);--awb-caption-title-line-height:var(--h2_typography-line-height);--awb-caption-title-letter-spacing:var(--h2_typography-letter-spacing);\"><span class=\" fusion-imageframe imageframe-none imageframe-1 hover-type-none\"><img decoding=\"async\" width=\"300\" height=\"148\" title=\"pavic2-1024&#215;506\" src=\"https:\/\/hdpp.hr\/wp-content\/uploads\/2024\/10\/pavic2-1024x506-1-300x148.jpg\" alt class=\"img-responsive wp-image-3479\" srcset=\"https:\/\/hdpp.hr\/wp-content\/uploads\/2024\/10\/pavic2-1024x506-1-200x99.jpg 200w, https:\/\/hdpp.hr\/wp-content\/uploads\/2024\/10\/pavic2-1024x506-1-400x198.jpg 400w, https:\/\/hdpp.hr\/wp-content\/uploads\/2024\/10\/pavic2-1024x506-1-600x296.jpg 600w, https:\/\/hdpp.hr\/wp-content\/uploads\/2024\/10\/pavic2-1024x506-1-800x395.jpg 800w, https:\/\/hdpp.hr\/wp-content\/uploads\/2024\/10\/pavic2-1024x506-1.jpg 1024w\" sizes=\"(max-width: 640px) 100vw, 400px\" \/><\/span><\/div><\/div><\/div><div class=\"fusion-layout-column fusion_builder_column fusion-builder-column-3 fusion_builder_column_1_3 1_3 fusion-flex-column\" style=\"--awb-bg-size:cover;--awb-width-large:33.333333333333%;--awb-margin-top-large:0px;--awb-spacing-right-large:5.76%;--awb-margin-bottom-large:20px;--awb-spacing-left-large:5.76%;--awb-width-medium:33.333333333333%;--awb-order-medium:0;--awb-spacing-right-medium:5.76%;--awb-spacing-left-medium:5.76%;--awb-width-small:100%;--awb-order-small:0;--awb-spacing-right-small:1.92%;--awb-spacing-left-small:1.92%;\"><div class=\"fusion-column-wrapper fusion-column-has-shadow fusion-flex-justify-content-flex-start fusion-content-layout-column\"><div class=\"fusion-image-element \" style=\"--awb-caption-title-font-family:var(--h2_typography-font-family);--awb-caption-title-font-weight:var(--h2_typography-font-weight);--awb-caption-title-font-style:var(--h2_typography-font-style);--awb-caption-title-size:var(--h2_typography-font-size);--awb-caption-title-transform:var(--h2_typography-text-transform);--awb-caption-title-line-height:var(--h2_typography-line-height);--awb-caption-title-letter-spacing:var(--h2_typography-letter-spacing);\"><span class=\" fusion-imageframe imageframe-none imageframe-2 hover-type-none\"><img decoding=\"async\" width=\"300\" height=\"137\" title=\"pavic-1024&#215;466\" src=\"https:\/\/hdpp.hr\/wp-content\/uploads\/2024\/10\/pavic-1024x466-1-300x137.jpg\" alt class=\"img-responsive wp-image-3480\" srcset=\"https:\/\/hdpp.hr\/wp-content\/uploads\/2024\/10\/pavic-1024x466-1-200x91.jpg 200w, https:\/\/hdpp.hr\/wp-content\/uploads\/2024\/10\/pavic-1024x466-1-400x182.jpg 400w, https:\/\/hdpp.hr\/wp-content\/uploads\/2024\/10\/pavic-1024x466-1-600x273.jpg 600w, https:\/\/hdpp.hr\/wp-content\/uploads\/2024\/10\/pavic-1024x466-1-800x364.jpg 800w, https:\/\/hdpp.hr\/wp-content\/uploads\/2024\/10\/pavic-1024x466-1.jpg 1024w\" sizes=\"(max-width: 640px) 100vw, 400px\" \/><\/span><\/div><\/div><\/div><div class=\"fusion-layout-column fusion_builder_column fusion-builder-column-4 fusion_builder_column_1_3 1_3 fusion-flex-column\" style=\"--awb-bg-size:cover;--awb-width-large:33.333333333333%;--awb-margin-top-large:0px;--awb-spacing-right-large:5.76%;--awb-margin-bottom-large:20px;--awb-spacing-left-large:5.76%;--awb-width-medium:33.333333333333%;--awb-order-medium:0;--awb-spacing-right-medium:5.76%;--awb-spacing-left-medium:5.76%;--awb-width-small:100%;--awb-order-small:0;--awb-spacing-right-small:1.92%;--awb-spacing-left-small:1.92%;\"><div class=\"fusion-column-wrapper fusion-column-has-shadow fusion-flex-justify-content-flex-start fusion-content-layout-column\"><div class=\"fusion-image-element \" style=\"--awb-caption-title-font-family:var(--h2_typography-font-family);--awb-caption-title-font-weight:var(--h2_typography-font-weight);--awb-caption-title-font-style:var(--h2_typography-font-style);--awb-caption-title-size:var(--h2_typography-font-size);--awb-caption-title-transform:var(--h2_typography-text-transform);--awb-caption-title-line-height:var(--h2_typography-line-height);--awb-caption-title-letter-spacing:var(--h2_typography-letter-spacing);\"><span class=\" fusion-imageframe imageframe-none imageframe-3 hover-type-none\"><img decoding=\"async\" width=\"300\" height=\"200\" title=\"skup2-1024&#215;683\" src=\"https:\/\/hdpp.hr\/wp-content\/uploads\/2024\/10\/skup2-1024x683-1-300x200.jpg\" alt class=\"img-responsive wp-image-3481\" srcset=\"https:\/\/hdpp.hr\/wp-content\/uploads\/2024\/10\/skup2-1024x683-1-200x133.jpg 200w, https:\/\/hdpp.hr\/wp-content\/uploads\/2024\/10\/skup2-1024x683-1-400x267.jpg 400w, https:\/\/hdpp.hr\/wp-content\/uploads\/2024\/10\/skup2-1024x683-1-600x400.jpg 600w, https:\/\/hdpp.hr\/wp-content\/uploads\/2024\/10\/skup2-1024x683-1-800x534.jpg 800w, https:\/\/hdpp.hr\/wp-content\/uploads\/2024\/10\/skup2-1024x683-1.jpg 1024w\" sizes=\"(max-width: 640px) 100vw, 400px\" \/><\/span><\/div><\/div><\/div><\/div><\/div>\n","protected":false},"excerpt":{"rendered":"","protected":false},"author":18,"featured_media":0,"parent":0,"menu_order":0,"comment_status":"closed","ping_status":"closed","template":"","meta":{"_bbp_topic_count":0,"_bbp_reply_count":0,"_bbp_total_topic_count":0,"_bbp_total_reply_count":0,"_bbp_voice_count":0,"_bbp_anonymous_reply_count":0,"_bbp_topic_count_hidden":0,"_bbp_reply_count_hidden":0,"_bbp_forum_subforum_count":0,"ngg_post_thumbnail":0,"footnotes":""},"class_list":["post-3476","page","type-page","status-publish","hentry"],"translation":{"provider":"WPGlobus","version":"3.0.0","language":"gb","enabled_languages":["hr","gb"],"languages":{"hr":{"title":true,"content":true,"excerpt":false},"gb":{"title":false,"content":false,"excerpt":false}}},"_links":{"self":[{"href":"https:\/\/hdpp.hr\/gb\/wp-json\/wp\/v2\/pages\/3476","targetHints":{"allow":["GET"]}}],"collection":[{"href":"https:\/\/hdpp.hr\/gb\/wp-json\/wp\/v2\/pages"}],"about":[{"href":"https:\/\/hdpp.hr\/gb\/wp-json\/wp\/v2\/types\/page"}],"author":[{"embeddable":true,"href":"https:\/\/hdpp.hr\/gb\/wp-json\/wp\/v2\/users\/18"}],"replies":[{"embeddable":true,"href":"https:\/\/hdpp.hr\/gb\/wp-json\/wp\/v2\/comments?post=3476"}],"version-history":[{"count":3,"href":"https:\/\/hdpp.hr\/gb\/wp-json\/wp\/v2\/pages\/3476\/revisions"}],"predecessor-version":[{"id":3483,"href":"https:\/\/hdpp.hr\/gb\/wp-json\/wp\/v2\/pages\/3476\/revisions\/3483"}],"wp:attachment":[{"href":"https:\/\/hdpp.hr\/gb\/wp-json\/wp\/v2\/media?parent=3476"}],"curies":[{"name":"wp","href":"https:\/\/api.w.org\/{rel}","templated":true}]}}