{"id":3468,"date":"2024-10-19T09:51:08","date_gmt":"2024-10-19T07:51:08","guid":{"rendered":"https:\/\/hdpp.hr\/?page_id=3468"},"modified":"2024-10-24T10:12:11","modified_gmt":"2024-10-24T08:12:11","slug":"znanstveno-strucni-skup-sto-je-novo-donio-pomorski-zakonik-u-posljednjih-20-godina","status":"publish","type":"page","link":"https:\/\/hdpp.hr\/gb\/skupovi\/znanstveno-strucni-skup-sto-je-novo-donio-pomorski-zakonik-u-posljednjih-20-godina\/","title":{"rendered":"Znanstveno-stru\u010dni skup \u201c\u0160to je novo donio Pomorski zakonik u posljednjih 20 godina?\u201d"},"content":{"rendered":"<div class=\"fusion-fullwidth fullwidth-box fusion-builder-row-1 fusion-flex-container nonhundred-percent-fullwidth non-hundred-percent-height-scrolling\" style=\"--awb-border-radius-top-left:0px;--awb-border-radius-top-right:0px;--awb-border-radius-bottom-right:0px;--awb-border-radius-bottom-left:0px;--awb-flex-wrap:wrap;\" ><div class=\"fusion-builder-row fusion-row fusion-flex-align-items-flex-start fusion-flex-content-wrap\" style=\"max-width:1248px;margin-left: calc(-4% \/ 2 );margin-right: calc(-4% \/ 2 );\"><div class=\"fusion-layout-column fusion_builder_column fusion-builder-column-0 fusion_builder_column_3_4 3_4 fusion-flex-column\" style=\"--awb-bg-size:cover;--awb-width-large:75%;--awb-margin-top-large:0px;--awb-spacing-right-large:2.56%;--awb-margin-bottom-large:20px;--awb-spacing-left-large:2.56%;--awb-width-medium:75%;--awb-order-medium:0;--awb-spacing-right-medium:2.56%;--awb-spacing-left-medium:2.56%;--awb-width-small:100%;--awb-order-small:0;--awb-spacing-right-small:1.92%;--awb-spacing-left-small:1.92%;\"><div class=\"fusion-column-wrapper fusion-column-has-shadow fusion-flex-justify-content-flex-start fusion-content-layout-column\"><div class=\"fusion-text fusion-text-1\"><p>Na Pravnom fakultetu u Rijeci 18. listopada 2024. godine odr\u017ean je znanstveno-stru\u010dni skup pod nazivom&nbsp;<em>\u201e\u0160to je novo donio Pomorski zakonik u posljednjih 20 godina?\u201c<\/em>, u organizaciji Zavoda za pomorsko pravo i pravo mora Pravnog fakulteta u Rijeci, Jadranskog zavoda HAZU-a te Hrvatskog dru\u0161tva za pomorsko pravo. Ova godina ujedno obilje\u017eava tridesetu obljetnicu dono\u0161enja prvog hrvatskog Pomorskog zakonika, \u0161to je pru\u017eilo priliku starijim kolegama, \u201csvjedocima povijesti\u201d, da se prisjete rada i osoba koje su bile uklju\u010dene u izradu hrvatskog pomorskog zakonodavstva te da podijele svoja iskustva iz tog razdoblja \u2013 iskustva koja su ih profesionalno i osobno obogatila.<\/p>\n<p>Rad na Pomorskom zakoniku te njegovim izmjenama i dopunama istaknuo se, u vi\u0161e navrata, kao primjer izvrsne suradnje izme\u0111u resornog ministarstva, struke i akademske zajednice. Ta bliska povezanost osjetila se i tijekom skupa, na kojem su kao izlaga\u010di i kao publika sudjelovali brojni predstavnici pomorskog gospodarstva, ministarstava, javnog sektora te akademske zajednice.<\/p>\n<p>Raspore\u0111eni u tri panela \u2013&nbsp;<em>Polje primjene Pomorskog zakonika<\/em>,&nbsp;<em>Pomorsko-upravna pitanja<\/em>&nbsp;i&nbsp;<em>Uvjeti poslovanja brodara<\/em>&nbsp;\u2013 izlaga\u010di su, uz pregled novina koje je Pomorski zakonik donio u posljednjih 20 godina, ukazali i na izazove koji su pred nama, poput daljnjeg razvoja digitalizacije, dekarbonizacije, razvoja pravnog okvira za besposadne brodove i drugih. Dane su i smjernice za budu\u0107i razvoj zakonodavstva, uz uvjerenje da \u0107e se dobra suradnja svih zainteresiranih dionika nastaviti.<\/p>\n<\/div><\/div><\/div><div class=\"fusion-layout-column fusion_builder_column fusion-builder-column-1 fusion_builder_column_1_4 1_4 fusion-flex-column\" style=\"--awb-bg-size:cover;--awb-width-large:25%;--awb-margin-top-large:0px;--awb-spacing-right-large:7.68%;--awb-margin-bottom-large:20px;--awb-spacing-left-large:7.68%;--awb-width-medium:25%;--awb-order-medium:0;--awb-spacing-right-medium:7.68%;--awb-spacing-left-medium:7.68%;--awb-width-small:100%;--awb-order-small:0;--awb-spacing-right-small:1.92%;--awb-spacing-left-small:1.92%;\"><div class=\"fusion-column-wrapper fusion-column-has-shadow fusion-flex-justify-content-flex-start fusion-content-layout-column\"><div class=\"fusion-image-element \" style=\"--awb-caption-title-font-family:var(--h2_typography-font-family);--awb-caption-title-font-weight:var(--h2_typography-font-weight);--awb-caption-title-font-style:var(--h2_typography-font-style);--awb-caption-title-size:var(--h2_typography-font-size);--awb-caption-title-transform:var(--h2_typography-text-transform);--awb-caption-title-line-height:var(--h2_typography-line-height);--awb-caption-title-letter-spacing:var(--h2_typography-letter-spacing);\"><span class=\" fusion-imageframe imageframe-none imageframe-1 hover-type-none\"><img decoding=\"async\" width=\"300\" height=\"188\" title=\"Grupna Rijeka 20 god PZ\" src=\"https:\/\/hdpp.hr\/wp-content\/uploads\/2024\/10\/Grupna-Rijeka-20-god-PZ-300x188.jpg\" alt class=\"img-responsive wp-image-3460\" srcset=\"https:\/\/hdpp.hr\/wp-content\/uploads\/2024\/10\/Grupna-Rijeka-20-god-PZ-200x125.jpg 200w, https:\/\/hdpp.hr\/wp-content\/uploads\/2024\/10\/Grupna-Rijeka-20-god-PZ-400x251.jpg 400w, https:\/\/hdpp.hr\/wp-content\/uploads\/2024\/10\/Grupna-Rijeka-20-god-PZ-600x376.jpg 600w, https:\/\/hdpp.hr\/wp-content\/uploads\/2024\/10\/Grupna-Rijeka-20-god-PZ-800x501.jpg 800w, https:\/\/hdpp.hr\/wp-content\/uploads\/2024\/10\/Grupna-Rijeka-20-god-PZ-1200x752.jpg 1200w\" sizes=\"(max-width: 640px) 100vw, 400px\" \/><\/span><\/div><div class=\"fusion-section-separator section-separator slant fusion-section-separator-1\" style=\"--awb-spacer-height:8px;--awb-svg-margin-left:7.68%;--awb-svg-margin-right:7.68%;--awb-svg-margin-left-medium:7.68%;--awb-svg-margin-right-medium:7.68%;--awb-svg-margin-left-small:1.92%;--awb-svg-margin-right-small:1.92%;--awb-divider-height:8px;--awb-spacer-padding-top:inherit;--awb-sep-padding:0;--awb-svg-padding:0;\"><div class=\"fusion-section-separator-svg\"><svg class=\"fusion-slant-candy\" xmlns=\"http:\/\/www.w3.org\/2000\/svg\" version=\"1.1\" width=\"100%\" height=\"100\" viewBox=\"0 0 100 100\" preserveAspectRatio=\"none\" fill=\"rgba(249,249,251,1)\"><path d=\"M100 0 L100 100 L0 0 Z\"><\/path><\/svg><\/div><div class=\"fusion-section-separator-spacer\"><div class=\"fusion-section-separator-spacer-height\"><\/div><\/div><\/div><div class=\"fusion-image-element \" style=\"--awb-caption-title-font-family:var(--h2_typography-font-family);--awb-caption-title-font-weight:var(--h2_typography-font-weight);--awb-caption-title-font-style:var(--h2_typography-font-style);--awb-caption-title-size:var(--h2_typography-font-size);--awb-caption-title-transform:var(--h2_typography-text-transform);--awb-caption-title-line-height:var(--h2_typography-line-height);--awb-caption-title-letter-spacing:var(--h2_typography-letter-spacing);\"><span class=\" fusion-imageframe imageframe-none imageframe-2 hover-type-none\"><img decoding=\"async\" width=\"300\" height=\"225\" title=\"20241018_093616\" src=\"https:\/\/hdpp.hr\/wp-content\/uploads\/2024\/10\/20241018_093616-1-300x225.jpg\" alt class=\"img-responsive wp-image-3463\" srcset=\"https:\/\/hdpp.hr\/wp-content\/uploads\/2024\/10\/20241018_093616-1-200x150.jpg 200w, https:\/\/hdpp.hr\/wp-content\/uploads\/2024\/10\/20241018_093616-1-400x300.jpg 400w, https:\/\/hdpp.hr\/wp-content\/uploads\/2024\/10\/20241018_093616-1-600x450.jpg 600w, https:\/\/hdpp.hr\/wp-content\/uploads\/2024\/10\/20241018_093616-1-800x600.jpg 800w, https:\/\/hdpp.hr\/wp-content\/uploads\/2024\/10\/20241018_093616-1-1200x900.jpg 1200w\" sizes=\"(max-width: 640px) 100vw, 400px\" \/><\/span><\/div><div class=\"fusion-section-separator section-separator slant fusion-section-separator-2\" style=\"--awb-spacer-height:8px;--awb-svg-margin-left:7.68%;--awb-svg-margin-right:7.68%;--awb-svg-margin-left-medium:7.68%;--awb-svg-margin-right-medium:7.68%;--awb-svg-margin-left-small:1.92%;--awb-svg-margin-right-small:1.92%;--awb-divider-height:8px;--awb-spacer-padding-top:inherit;--awb-sep-padding:0;--awb-svg-padding:0;\"><div class=\"fusion-section-separator-svg\"><svg class=\"fusion-slant-candy\" xmlns=\"http:\/\/www.w3.org\/2000\/svg\" version=\"1.1\" width=\"100%\" height=\"100\" viewBox=\"0 0 100 100\" preserveAspectRatio=\"none\" fill=\"rgba(249,249,251,1)\"><path d=\"M100 0 L100 100 L0 0 Z\"><\/path><\/svg><\/div><div class=\"fusion-section-separator-spacer\"><div class=\"fusion-section-separator-spacer-height\"><\/div><\/div><\/div><div ><a class=\"fusion-button button-flat fusion-button-default-size button-default fusion-button-default button-1 fusion-button-span-yes fusion-button-default-type\" target=\"_self\" href=\"https:\/\/hdpp.hr\/wp-content\/uploads\/2024\/09\/Program_PZ_2024.pdf\"><span class=\"fusion-button-text awb-button__text awb-button__text--default\">Program<\/span><\/a><\/div><div class=\"fusion-section-separator section-separator slant fusion-section-separator-3\" style=\"--awb-spacer-height:8px;--awb-svg-margin-left:7.68%;--awb-svg-margin-right:7.68%;--awb-svg-margin-left-medium:7.68%;--awb-svg-margin-right-medium:7.68%;--awb-svg-margin-left-small:1.92%;--awb-svg-margin-right-small:1.92%;--awb-divider-height:8px;--awb-spacer-padding-top:inherit;--awb-sep-padding:0;--awb-svg-padding:0;\"><div class=\"fusion-section-separator-svg\"><svg class=\"fusion-slant-candy\" xmlns=\"http:\/\/www.w3.org\/2000\/svg\" version=\"1.1\" width=\"100%\" height=\"100\" viewBox=\"0 0 100 100\" preserveAspectRatio=\"none\" fill=\"rgba(249,249,251,1)\"><path d=\"M100 0 L100 100 L0 0 Z\"><\/path><\/svg><\/div><div class=\"fusion-section-separator-spacer\"><div class=\"fusion-section-separator-spacer-height\"><\/div><\/div><\/div><div ><a class=\"fusion-button button-flat fusion-button-default-size button-default fusion-button-default button-2 fusion-button-span-yes fusion-button-default-type\" target=\"_self\" href=\"https:\/\/www.novilist.hr\/more\/sto-je-novo-donio-pomorski-zakonik-na-pomorskom-fakultetu-ponudili-retrospektivu-ovih-20-godina\/?meta_refresh=true\"><span class=\"fusion-button-text awb-button__text awb-button__text--default\">Novi list o Skupu<\/span><\/a><\/div><div class=\"fusion-section-separator section-separator slant fusion-section-separator-4\" style=\"--awb-spacer-height:8px;--awb-svg-margin-left:7.68%;--awb-svg-margin-right:7.68%;--awb-svg-margin-left-medium:7.68%;--awb-svg-margin-right-medium:7.68%;--awb-svg-margin-left-small:1.92%;--awb-svg-margin-right-small:1.92%;--awb-divider-height:8px;--awb-spacer-padding-top:inherit;--awb-sep-padding:0;--awb-svg-padding:0;\"><div class=\"fusion-section-separator-svg\"><svg class=\"fusion-slant-candy\" xmlns=\"http:\/\/www.w3.org\/2000\/svg\" version=\"1.1\" width=\"100%\" height=\"100\" viewBox=\"0 0 100 100\" preserveAspectRatio=\"none\" fill=\"rgba(249,249,251,1)\"><path d=\"M100 0 L100 100 L0 0 Z\"><\/path><\/svg><\/div><div class=\"fusion-section-separator-spacer\"><div class=\"fusion-section-separator-spacer-height\"><\/div><\/div><\/div><div ><a class=\"fusion-button button-flat fusion-button-default-size button-default fusion-button-default button-3 fusion-button-span-yes fusion-button-default-type\" target=\"_self\"><span class=\"fusion-button-text awb-button__text awb-button__text--default\">Galerija<\/span><\/a><\/div><\/div><\/div><\/div><\/div><div class=\"fusion-fullwidth fullwidth-box fusion-builder-row-2 fusion-flex-container nonhundred-percent-fullwidth non-hundred-percent-height-scrolling\" style=\"--awb-border-radius-top-left:0px;--awb-border-radius-top-right:0px;--awb-border-radius-bottom-right:0px;--awb-border-radius-bottom-left:0px;--awb-flex-wrap:wrap;\" ><div class=\"fusion-builder-row fusion-row fusion-flex-align-items-flex-start fusion-flex-content-wrap\" style=\"max-width:1248px;margin-left: calc(-4% \/ 2 );margin-right: calc(-4% \/ 2 );\"><div class=\"fusion-layout-column fusion_builder_column fusion-builder-column-2 fusion_builder_column_1_3 1_3 fusion-flex-column\" style=\"--awb-bg-size:cover;--awb-width-large:33.333333333333%;--awb-margin-top-large:0px;--awb-spacing-right-large:5.76%;--awb-margin-bottom-large:20px;--awb-spacing-left-large:5.76%;--awb-width-medium:33.333333333333%;--awb-order-medium:0;--awb-spacing-right-medium:5.76%;--awb-spacing-left-medium:5.76%;--awb-width-small:100%;--awb-order-small:0;--awb-spacing-right-small:1.92%;--awb-spacing-left-small:1.92%;\"><div class=\"fusion-column-wrapper fusion-column-has-shadow fusion-flex-justify-content-flex-start fusion-content-layout-column\"><div class=\"fusion-image-element \" style=\"--awb-caption-title-font-family:var(--h2_typography-font-family);--awb-caption-title-font-weight:var(--h2_typography-font-weight);--awb-caption-title-font-style:var(--h2_typography-font-style);--awb-caption-title-size:var(--h2_typography-font-size);--awb-caption-title-transform:var(--h2_typography-text-transform);--awb-caption-title-line-height:var(--h2_typography-line-height);--awb-caption-title-letter-spacing:var(--h2_typography-letter-spacing);\"><span class=\" fusion-imageframe imageframe-none imageframe-3 hover-type-none\"><img decoding=\"async\" width=\"300\" height=\"136\" title=\"MMK\" src=\"https:\/\/hdpp.hr\/wp-content\/uploads\/2024\/10\/MMK-300x136.jpg\" alt class=\"img-responsive wp-image-3525\" srcset=\"https:\/\/hdpp.hr\/wp-content\/uploads\/2024\/10\/MMK-200x91.jpg 200w, https:\/\/hdpp.hr\/wp-content\/uploads\/2024\/10\/MMK-400x182.jpg 400w, https:\/\/hdpp.hr\/wp-content\/uploads\/2024\/10\/MMK-600x273.jpg 600w, https:\/\/hdpp.hr\/wp-content\/uploads\/2024\/10\/MMK-800x364.jpg 800w, https:\/\/hdpp.hr\/wp-content\/uploads\/2024\/10\/MMK-1200x545.jpg 1200w, https:\/\/hdpp.hr\/wp-content\/uploads\/2024\/10\/MMK.jpg 1386w\" sizes=\"(max-width: 640px) 100vw, 400px\" \/><\/span><\/div><div class=\"fusion-section-separator section-separator slant fusion-section-separator-5\" style=\"--awb-spacer-height:8px;--awb-svg-margin-left:5.76%;--awb-svg-margin-right:5.76%;--awb-svg-margin-left-medium:5.76%;--awb-svg-margin-right-medium:5.76%;--awb-svg-margin-left-small:1.92%;--awb-svg-margin-right-small:1.92%;--awb-divider-height:8px;--awb-spacer-padding-top:inherit;--awb-sep-padding:0;--awb-svg-padding:0;\"><div class=\"fusion-section-separator-svg\"><svg class=\"fusion-slant-candy\" xmlns=\"http:\/\/www.w3.org\/2000\/svg\" version=\"1.1\" width=\"100%\" height=\"100\" viewBox=\"0 0 100 100\" preserveAspectRatio=\"none\" fill=\"rgba(249,249,251,1)\"><path d=\"M100 0 L100 100 L0 0 Z\"><\/path><\/svg><\/div><div class=\"fusion-section-separator-spacer\"><div class=\"fusion-section-separator-spacer-height\"><\/div><\/div><\/div><div ><a class=\"fusion-button button-flat fusion-button-default-size button-default fusion-button-default button-4 fusion-button-span-no fusion-button-default-type\" target=\"_self\" href=\"https:\/\/www.youtube.com\/@pravri8935\"><span class=\"fusion-button-text awb-button__text awb-button__text--default\">Obra\u0107anje g\u0111e. Maje Markov\u010di\u0107 Kostelac, izvr\u0161ne direktorica EMSA-e<\/span><\/a><\/div><\/div><\/div><div class=\"fusion-layout-column fusion_builder_column fusion-builder-column-3 fusion_builder_column_1_3 1_3 fusion-flex-column\" style=\"--awb-bg-size:cover;--awb-width-large:33.333333333333%;--awb-margin-top-large:0px;--awb-spacing-right-large:5.76%;--awb-margin-bottom-large:20px;--awb-spacing-left-large:5.76%;--awb-width-medium:33.333333333333%;--awb-order-medium:0;--awb-spacing-right-medium:5.76%;--awb-spacing-left-medium:5.76%;--awb-width-small:100%;--awb-order-small:0;--awb-spacing-right-small:1.92%;--awb-spacing-left-small:1.92%;\"><div class=\"fusion-column-wrapper fusion-column-has-shadow fusion-flex-justify-content-flex-start fusion-content-layout-column\"><\/div><\/div><\/div><\/div>\n","protected":false},"excerpt":{"rendered":"","protected":false},"author":18,"featured_media":0,"parent":448,"menu_order":0,"comment_status":"closed","ping_status":"closed","template":"","meta":{"_bbp_topic_count":0,"_bbp_reply_count":0,"_bbp_total_topic_count":0,"_bbp_total_reply_count":0,"_bbp_voice_count":0,"_bbp_anonymous_reply_count":0,"_bbp_topic_count_hidden":0,"_bbp_reply_count_hidden":0,"_bbp_forum_subforum_count":0,"ngg_post_thumbnail":0,"footnotes":""},"class_list":["post-3468","page","type-page","status-publish","hentry"],"translation":{"provider":"WPGlobus","version":"3.0.0","language":"gb","enabled_languages":["hr","gb"],"languages":{"hr":{"title":true,"content":true,"excerpt":false},"gb":{"title":false,"content":false,"excerpt":false}}},"_links":{"self":[{"href":"https:\/\/hdpp.hr\/gb\/wp-json\/wp\/v2\/pages\/3468","targetHints":{"allow":["GET"]}}],"collection":[{"href":"https:\/\/hdpp.hr\/gb\/wp-json\/wp\/v2\/pages"}],"about":[{"href":"https:\/\/hdpp.hr\/gb\/wp-json\/wp\/v2\/types\/page"}],"author":[{"embeddable":true,"href":"https:\/\/hdpp.hr\/gb\/wp-json\/wp\/v2\/users\/18"}],"replies":[{"embeddable":true,"href":"https:\/\/hdpp.hr\/gb\/wp-json\/wp\/v2\/comments?post=3468"}],"version-history":[{"count":17,"href":"https:\/\/hdpp.hr\/gb\/wp-json\/wp\/v2\/pages\/3468\/revisions"}],"predecessor-version":[{"id":3535,"href":"https:\/\/hdpp.hr\/gb\/wp-json\/wp\/v2\/pages\/3468\/revisions\/3535"}],"up":[{"embeddable":true,"href":"https:\/\/hdpp.hr\/gb\/wp-json\/wp\/v2\/pages\/448"}],"wp:attachment":[{"href":"https:\/\/hdpp.hr\/gb\/wp-json\/wp\/v2\/media?parent=3468"}],"curies":[{"name":"wp","href":"https:\/\/api.w.org\/{rel}","templated":true}]}}