{"id":2152,"date":"2021-10-08T09:52:15","date_gmt":"2021-10-08T07:52:15","guid":{"rendered":"https:\/\/hdpp.hr\/?page_id=2152"},"modified":"2021-10-08T09:52:15","modified_gmt":"2021-10-08T07:52:15","slug":"izjava-o-suglasnosti-privoli","status":"publish","type":"page","link":"https:\/\/hdpp.hr\/gb\/izjava-o-suglasnosti-privoli\/","title":{"rendered":"IZJAVA O SUGLASNOSTI (PRIVOLI)"},"content":{"rendered":"<div class=\"fusion-fullwidth fullwidth-box fusion-builder-row-1 fusion-flex-container nonhundred-percent-fullwidth non-hundred-percent-height-scrolling\" style=\"--awb-border-radius-top-left:0px;--awb-border-radius-top-right:0px;--awb-border-radius-bottom-right:0px;--awb-border-radius-bottom-left:0px;--awb-flex-wrap:wrap;\" ><div class=\"fusion-builder-row fusion-row fusion-flex-align-items-flex-start fusion-flex-content-wrap\" style=\"max-width:1248px;margin-left: calc(-4% \/ 2 );margin-right: calc(-4% \/ 2 );\"><div class=\"fusion-layout-column fusion_builder_column fusion-builder-column-0 fusion_builder_column_1_1 1_1 fusion-flex-column\" style=\"--awb-bg-size:cover;--awb-width-large:100%;--awb-margin-top-large:0px;--awb-spacing-right-large:1.92%;--awb-margin-bottom-large:20px;--awb-spacing-left-large:1.92%;--awb-width-medium:100%;--awb-order-medium:0;--awb-spacing-right-medium:1.92%;--awb-spacing-left-medium:1.92%;--awb-width-small:100%;--awb-order-small:0;--awb-spacing-right-small:1.92%;--awb-spacing-left-small:1.92%;\"><div class=\"fusion-column-wrapper fusion-column-has-shadow fusion-flex-justify-content-flex-start fusion-content-layout-column\"><div class=\"fusion-text fusion-text-1\"><p>Upoznat\/a sam s odredbama Zakona o provedbi Op\u0107e uredbe o za\u0161titi podataka kao i s Op\u0107om uredbom o za\u0161titi osobnih podataka Europske Unije, usvojenom dana 14.04.2016. godine.<\/p>\n<p>Ovom izjavom dajem svoju suglasnost (privolu) Hrvatskom dru\u0161tvu za pomorsko pravo sa sjedi\u0161tem u Rijeci, Studentska ulica 2, da prikupi moje osobne podatke i to: ime i prezime, adresu prebivali\u0161ta i OIB, te ih obra\u0111uje i koristi za potrebe pisanih ili usmenih kontakata prema meni.<\/p>\n<p>Ovom izjavom dajem posebnu suglasnost (privolu) Hrvatskom dru\u0161tvu za pomorsko pravo sa sjedi\u0161tem u Rijeci, Studentska ulica 2, da sve moje osobne podatke dr\u017ei pohranjene u svojim ra\u010dunalima i evidencijama u gore navedene svrhe, kao i da te podatke vodi u svojim knjigovodstvenim evidencijama i koristi ih prilikom izrade uplatnica za \u010dlanarinu i naplate \u010dlanarine, neovisno o tome vodi li knjigovodstvo samostalno ili putem tre\u0107e osobe.<\/p>\n<p>Ova suglasnost daje se na neograni\u010deno vrijeme, ali upoznat\/a sam da ista mo\u017ee biti povu\u010dena u svako doba.<\/p>\n<p>Suglasan\/sna sam s time da se ova izjava predo\u010di tre\u0107im osobama koje u okviru svojih ovlasti obavljaju nadzor nad po\u0161tivanjem Zakona o za\u0161titi osobnih podataka i Op\u0107e uredbe o za\u0161titi osobnih podataka Europske Unije, usvojene dana 14.04.2016. godine.<\/p>\n<\/div><\/div><\/div><\/div><\/div>\n","protected":false},"excerpt":{"rendered":"","protected":false},"author":1,"featured_media":0,"parent":0,"menu_order":0,"comment_status":"closed","ping_status":"closed","template":"","meta":{"_bbp_topic_count":0,"_bbp_reply_count":0,"_bbp_total_topic_count":0,"_bbp_total_reply_count":0,"_bbp_voice_count":0,"_bbp_anonymous_reply_count":0,"_bbp_topic_count_hidden":0,"_bbp_reply_count_hidden":0,"_bbp_forum_subforum_count":0,"ngg_post_thumbnail":0,"footnotes":""},"class_list":["post-2152","page","type-page","status-publish","hentry"],"translation":{"provider":"WPGlobus","version":"3.0.0","language":"gb","enabled_languages":["hr","gb"],"languages":{"hr":{"title":true,"content":true,"excerpt":false},"gb":{"title":false,"content":false,"excerpt":false}}},"_links":{"self":[{"href":"https:\/\/hdpp.hr\/gb\/wp-json\/wp\/v2\/pages\/2152","targetHints":{"allow":["GET"]}}],"collection":[{"href":"https:\/\/hdpp.hr\/gb\/wp-json\/wp\/v2\/pages"}],"about":[{"href":"https:\/\/hdpp.hr\/gb\/wp-json\/wp\/v2\/types\/page"}],"author":[{"embeddable":true,"href":"https:\/\/hdpp.hr\/gb\/wp-json\/wp\/v2\/users\/1"}],"replies":[{"embeddable":true,"href":"https:\/\/hdpp.hr\/gb\/wp-json\/wp\/v2\/comments?post=2152"}],"version-history":[{"count":1,"href":"https:\/\/hdpp.hr\/gb\/wp-json\/wp\/v2\/pages\/2152\/revisions"}],"predecessor-version":[{"id":2153,"href":"https:\/\/hdpp.hr\/gb\/wp-json\/wp\/v2\/pages\/2152\/revisions\/2153"}],"wp:attachment":[{"href":"https:\/\/hdpp.hr\/gb\/wp-json\/wp\/v2\/media?parent=2152"}],"curies":[{"name":"wp","href":"https:\/\/api.w.org\/{rel}","templated":true}]}}