{"id":1564,"date":"2021-04-06T14:22:49","date_gmt":"2021-04-06T12:22:49","guid":{"rendered":"https:\/\/hdpp.hr\/?page_id=1564"},"modified":"2024-10-22T13:17:51","modified_gmt":"2024-10-22T11:17:51","slug":"iuc-conferences-and-courses","status":"publish","type":"page","link":"https:\/\/hdpp.hr\/gb\/iuc-conferences-and-courses\/","title":{"rendered":"IUC CONFERENCES AND COURSES"},"content":{"rendered":"<div class=\"fusion-fullwidth fullwidth-box fusion-builder-row-1 fusion-flex-container nonhundred-percent-fullwidth non-hundred-percent-height-scrolling\" style=\"--awb-border-radius-top-left:0px;--awb-border-radius-top-right:0px;--awb-border-radius-bottom-right:0px;--awb-border-radius-bottom-left:0px;--awb-flex-wrap:wrap;\" ><div class=\"fusion-builder-row fusion-row fusion-flex-align-items-flex-start fusion-flex-content-wrap\" style=\"max-width:1248px;margin-left: calc(-4% \/ 2 );margin-right: calc(-4% \/ 2 );\"><div class=\"fusion-layout-column fusion_builder_column fusion-builder-column-0 fusion_builder_column_1_1 1_1 fusion-flex-column\" style=\"--awb-bg-size:cover;--awb-width-large:100%;--awb-margin-top-large:0px;--awb-spacing-right-large:1.92%;--awb-margin-bottom-large:20px;--awb-spacing-left-large:1.92%;--awb-width-medium:100%;--awb-order-medium:0;--awb-spacing-right-medium:1.92%;--awb-spacing-left-medium:1.92%;--awb-width-small:100%;--awb-order-small:0;--awb-spacing-right-small:1.92%;--awb-spacing-left-small:1.92%;\"><div class=\"fusion-column-wrapper fusion-column-has-shadow fusion-flex-justify-content-flex-start fusion-content-layout-column\"><div class=\"fusion-text fusion-text-1\"><p>Interuniverzitetski centar u Dubrovniku je neovisni centar za napredne studije, utemeljen i odr\u017eavan u vidu me\u0111unarodne mre\u017ee sveu\u010dili\u0161ta kroz koju se poti\u010de i razvoj istra\u017eiva\u010dkih aktivnosti, posebno vezanih uz te\u010dajeve i konferencije u okviru programa te pridonosi povezivanju vode\u0107ih me\u0111unarodnih partnerskih sveu\u010dili\u0161ta s regionalnim akademskim institucijama. Konferencije i te\u010dajevi iz podru\u010dja pomorskog i transportnog prava pri IUC-u u Dubrovniku predstavljaju zna\u010dajan doprinos promociji hrvatske pomorskopravne znanosti i odr\u017eavanju stoljetne tradicije izvrsnih dosega pomorskoga prava iz vremena Dubrova\u010dkog Statuta, s kojom se upoznaju sudionici iz inozemstva. Program pru\u017ea otvoren prostor za kriti\u010dko razmi\u0161ljanje i slu\u017ei kao most izme\u0111u raznih pravnih podru\u010dja unutar Europe, te izme\u0111u europske regije i svijeta povezuju\u0107i znanstvenike i njihove mati\u010dne ustanove.<\/p>\n<p>Te\u010daj Me\u0111unarodnog pomorskog i transportnog prava je otvoren za zainteresirane sudionike koji se bave pomorskim pravom, kako iz akademske zajednice (studenti preddiplomskih studija u vi\u0161im godinama studija, studenti poslijediplomskih studija, doktorandi, znanstveni novaci), tako i iz prakse (vladine institucije, sudovi, odvjetni\u010dki uredi, nevladine udruge itd.). Radni jezik je engleski. Oblik te\u010daja predvi\u0111a aktivno sudjelovanje sudionika koji \u0107e imati priliku predstaviti vlastite radove i doktorske disertacije, relevantne za teme koje \u0107e se razmatrati tijekom te\u010daja. Broj sudionika bio bi ograni\u010den na \u010detrdeset, a na kraju \u0107e se polaznicima uru\u010diti potvrda o sudjelovanju koju izdaje voditelj te\u010daja i IUC Dubrovnik.<\/p>\n<p><a href=\"https:\/\/hdpp.hr\/iuc-2024\/\"><strong>IUC \u2013 International Maritime and Transport Law Course \u2013 Maritime Law Colloquium \u201cIn Search for Regulatory Approach to Autonomous Vessels\u201d \u2013 Transport Law de Lege Ferenda 2024<\/strong><\/a><\/p>\n<p><a href=\"https:\/\/hdpp.hr\/iuc-2023\/\">International Maritime and Transport Law Course &#8211; Maritime Law Colloquium \u201cProfessor Hrvoje Ka\u010di\u0107\u201d &#8211; Transport Law de Lege Ferenda 2023<\/a><\/p>\n<p>International Maritime and Transport Law Course &#8211; Maritime and Transport Law Colloquium &#8211; Transport Law de Lege Ferenda 2022<\/p>\n<p><a href=\"https:\/\/hdpp.hr\/iuc-2021-2\/\"><strong>IUC &#8211; International Maritime and Transport Law Course \u2013 Transport Law de Lege Ferenda \u2013 Legal Aspects of Digitalization and Other Recent Developments in International Transport<\/strong> (Dubrovnik 6-11 September 2021)<\/a><\/p>\n<p><a href=\"https:\/\/hdpp.hr\/iuc-international-maritime-and-transport-law-course-dubrovnik-7-9-09-2020-2\/\" rel=\"noopener\"><strong>IUC \u2013 International Maritime and Transport Law Course<\/strong> (Dubrovnik, 7-9 September 2020)<\/a><\/p>\n<p><a href=\"https:\/\/hdpp.hr\/iuc-international-and-comparative-maritime-law-conference-dubrovnik-19-20-9-2019\/\" rel=\"noopener\"><strong>IUC \u2013 International and Comparative Maritime Law Conference<\/strong> (Dubrovnik, 19-20 September 2019)<\/a><\/p>\n<\/div><\/div><\/div><\/div><\/div><div class=\"fusion-fullwidth fullwidth-box fusion-builder-row-2 fusion-flex-container nonhundred-percent-fullwidth non-hundred-percent-height-scrolling\" style=\"--awb-border-radius-top-left:0px;--awb-border-radius-top-right:0px;--awb-border-radius-bottom-right:0px;--awb-border-radius-bottom-left:0px;--awb-flex-wrap:wrap;\" ><div class=\"fusion-builder-row fusion-row fusion-flex-align-items-flex-start fusion-flex-content-wrap\" style=\"max-width:1248px;margin-left: calc(-4% \/ 2 );margin-right: calc(-4% \/ 2 );\"><div class=\"fusion-layout-column fusion_builder_column fusion-builder-column-1 fusion_builder_column_1_1 1_1 fusion-flex-column\" style=\"--awb-bg-size:cover;--awb-width-large:100%;--awb-margin-top-large:0px;--awb-spacing-right-large:1.92%;--awb-margin-bottom-large:20px;--awb-spacing-left-large:1.92%;--awb-width-medium:100%;--awb-order-medium:0;--awb-spacing-right-medium:1.92%;--awb-spacing-left-medium:1.92%;--awb-width-small:100%;--awb-order-small:0;--awb-spacing-right-small:1.92%;--awb-spacing-left-small:1.92%;\"><div class=\"fusion-column-wrapper fusion-column-has-shadow fusion-flex-justify-content-flex-start fusion-content-layout-column\"><\/div><\/div><\/div><\/div><div class=\"fusion-fullwidth fullwidth-box fusion-builder-row-3 fusion-flex-container nonhundred-percent-fullwidth non-hundred-percent-height-scrolling\" style=\"--awb-border-radius-top-left:0px;--awb-border-radius-top-right:0px;--awb-border-radius-bottom-right:0px;--awb-border-radius-bottom-left:0px;--awb-flex-wrap:wrap;\" ><div class=\"fusion-builder-row fusion-row fusion-flex-align-items-flex-start fusion-flex-content-wrap\" style=\"max-width:1248px;margin-left: calc(-4% \/ 2 );margin-right: calc(-4% \/ 2 );\"><div class=\"fusion-layout-column fusion_builder_column fusion-builder-column-2 fusion_builder_column_1_1 1_1 fusion-flex-column\" style=\"--awb-bg-size:cover;--awb-width-large:100%;--awb-margin-top-large:0px;--awb-spacing-right-large:1.92%;--awb-margin-bottom-large:20px;--awb-spacing-left-large:1.92%;--awb-width-medium:100%;--awb-order-medium:0;--awb-spacing-right-medium:1.92%;--awb-spacing-left-medium:1.92%;--awb-width-small:100%;--awb-order-small:0;--awb-spacing-right-small:1.92%;--awb-spacing-left-small:1.92%;\"><div class=\"fusion-column-wrapper fusion-column-has-shadow fusion-flex-justify-content-flex-start fusion-content-layout-column\"><\/div><\/div><\/div><\/div><div class=\"fusion-fullwidth fullwidth-box fusion-builder-row-4 fusion-flex-container nonhundred-percent-fullwidth non-hundred-percent-height-scrolling\" style=\"--awb-border-radius-top-left:0px;--awb-border-radius-top-right:0px;--awb-border-radius-bottom-right:0px;--awb-border-radius-bottom-left:0px;--awb-flex-wrap:wrap;\" ><div class=\"fusion-builder-row fusion-row fusion-flex-align-items-flex-start fusion-flex-content-wrap\" style=\"max-width:1248px;margin-left: calc(-4% \/ 2 );margin-right: calc(-4% \/ 2 );\"><div class=\"fusion-layout-column fusion_builder_column fusion-builder-column-3 fusion_builder_column_1_1 1_1 fusion-flex-column\" style=\"--awb-bg-size:cover;--awb-width-large:100%;--awb-margin-top-large:0px;--awb-spacing-right-large:1.92%;--awb-margin-bottom-large:20px;--awb-spacing-left-large:1.92%;--awb-width-medium:100%;--awb-order-medium:0;--awb-spacing-right-medium:1.92%;--awb-spacing-left-medium:1.92%;--awb-width-small:100%;--awb-order-small:0;--awb-spacing-right-small:1.92%;--awb-spacing-left-small:1.92%;\"><div class=\"fusion-column-wrapper fusion-column-has-shadow fusion-flex-justify-content-flex-start fusion-content-layout-column\"><\/div><\/div><\/div><\/div><div class=\"fusion-fullwidth fullwidth-box fusion-builder-row-5 fusion-flex-container nonhundred-percent-fullwidth non-hundred-percent-height-scrolling\" style=\"--awb-border-radius-top-left:0px;--awb-border-radius-top-right:0px;--awb-border-radius-bottom-right:0px;--awb-border-radius-bottom-left:0px;--awb-flex-wrap:wrap;\" ><div class=\"fusion-builder-row fusion-row fusion-flex-align-items-flex-start fusion-flex-content-wrap\" style=\"max-width:1248px;margin-left: calc(-4% \/ 2 );margin-right: calc(-4% \/ 2 );\"><div class=\"fusion-layout-column fusion_builder_column fusion-builder-column-4 fusion_builder_column_1_1 1_1 fusion-flex-column\" style=\"--awb-bg-size:cover;--awb-width-large:100%;--awb-margin-top-large:0px;--awb-spacing-right-large:1.92%;--awb-margin-bottom-large:20px;--awb-spacing-left-large:1.92%;--awb-width-medium:100%;--awb-order-medium:0;--awb-spacing-right-medium:1.92%;--awb-spacing-left-medium:1.92%;--awb-width-small:100%;--awb-order-small:0;--awb-spacing-right-small:1.92%;--awb-spacing-left-small:1.92%;\"><div class=\"fusion-column-wrapper fusion-column-has-shadow fusion-flex-justify-content-flex-start fusion-content-layout-column\"><\/div><\/div><\/div><\/div><div class=\"fusion-fullwidth fullwidth-box fusion-builder-row-6 fusion-flex-container nonhundred-percent-fullwidth non-hundred-percent-height-scrolling\" style=\"--awb-border-radius-top-left:0px;--awb-border-radius-top-right:0px;--awb-border-radius-bottom-right:0px;--awb-border-radius-bottom-left:0px;--awb-flex-wrap:wrap;\" ><div class=\"fusion-builder-row fusion-row fusion-flex-align-items-flex-start fusion-flex-content-wrap\" style=\"max-width:1248px;margin-left: calc(-4% \/ 2 );margin-right: calc(-4% \/ 2 );\"><div class=\"fusion-layout-column fusion_builder_column fusion-builder-column-5 fusion_builder_column_1_1 1_1 fusion-flex-column\" style=\"--awb-bg-size:cover;--awb-width-large:100%;--awb-margin-top-large:0px;--awb-spacing-right-large:1.92%;--awb-margin-bottom-large:20px;--awb-spacing-left-large:1.92%;--awb-width-medium:100%;--awb-order-medium:0;--awb-spacing-right-medium:1.92%;--awb-spacing-left-medium:1.92%;--awb-width-small:100%;--awb-order-small:0;--awb-spacing-right-small:1.92%;--awb-spacing-left-small:1.92%;\"><div class=\"fusion-column-wrapper fusion-column-has-shadow fusion-flex-justify-content-flex-start fusion-content-layout-column\"><\/div><\/div><\/div><\/div>\n","protected":false},"excerpt":{"rendered":"","protected":false},"author":1,"featured_media":0,"parent":0,"menu_order":0,"comment_status":"closed","ping_status":"closed","template":"","meta":{"_bbp_topic_count":0,"_bbp_reply_count":0,"_bbp_total_topic_count":0,"_bbp_total_reply_count":0,"_bbp_voice_count":0,"_bbp_anonymous_reply_count":0,"_bbp_topic_count_hidden":0,"_bbp_reply_count_hidden":0,"_bbp_forum_subforum_count":0,"ngg_post_thumbnail":0,"footnotes":""},"class_list":["post-1564","page","type-page","status-publish","hentry"],"translation":{"provider":"WPGlobus","version":"3.0.0","language":"gb","enabled_languages":["hr","gb"],"languages":{"hr":{"title":true,"content":true,"excerpt":false},"gb":{"title":false,"content":false,"excerpt":false}}},"_links":{"self":[{"href":"https:\/\/hdpp.hr\/gb\/wp-json\/wp\/v2\/pages\/1564","targetHints":{"allow":["GET"]}}],"collection":[{"href":"https:\/\/hdpp.hr\/gb\/wp-json\/wp\/v2\/pages"}],"about":[{"href":"https:\/\/hdpp.hr\/gb\/wp-json\/wp\/v2\/types\/page"}],"author":[{"embeddable":true,"href":"https:\/\/hdpp.hr\/gb\/wp-json\/wp\/v2\/users\/1"}],"replies":[{"embeddable":true,"href":"https:\/\/hdpp.hr\/gb\/wp-json\/wp\/v2\/comments?post=1564"}],"version-history":[{"count":13,"href":"https:\/\/hdpp.hr\/gb\/wp-json\/wp\/v2\/pages\/1564\/revisions"}],"predecessor-version":[{"id":3500,"href":"https:\/\/hdpp.hr\/gb\/wp-json\/wp\/v2\/pages\/1564\/revisions\/3500"}],"wp:attachment":[{"href":"https:\/\/hdpp.hr\/gb\/wp-json\/wp\/v2\/media?parent=1564"}],"curies":[{"name":"wp","href":"https:\/\/api.w.org\/{rel}","templated":true}]}}