{"id":1561,"date":"2021-04-06T14:22:27","date_gmt":"2021-04-06T12:22:27","guid":{"rendered":"https:\/\/hdpp.hr\/?page_id=1561"},"modified":"2024-10-24T14:19:08","modified_gmt":"2024-10-24T12:19:08","slug":"iscml","status":"publish","type":"page","link":"https:\/\/hdpp.hr\/gb\/iscml\/","title":{"rendered":"ISCML"},"content":{"rendered":"<div class=\"fusion-fullwidth fullwidth-box fusion-builder-row-1 fusion-flex-container nonhundred-percent-fullwidth non-hundred-percent-height-scrolling\" style=\"--awb-border-radius-top-left:0px;--awb-border-radius-top-right:0px;--awb-border-radius-bottom-right:0px;--awb-border-radius-bottom-left:0px;--awb-flex-wrap:wrap;\" ><div class=\"fusion-builder-row fusion-row fusion-flex-align-items-flex-start fusion-flex-content-wrap\" style=\"max-width:1248px;margin-left: calc(-4% \/ 2 );margin-right: calc(-4% \/ 2 );\"><div class=\"fusion-layout-column fusion_builder_column fusion-builder-column-0 fusion_builder_column_1_1 1_1 fusion-flex-column\" style=\"--awb-bg-size:cover;--awb-width-large:100%;--awb-margin-top-large:0px;--awb-spacing-right-large:1.92%;--awb-margin-bottom-large:0px;--awb-spacing-left-large:1.92%;--awb-width-medium:100%;--awb-spacing-right-medium:1.92%;--awb-spacing-left-medium:1.92%;--awb-width-small:100%;--awb-spacing-right-small:1.92%;--awb-spacing-left-small:1.92%;\"><div class=\"fusion-column-wrapper fusion-flex-justify-content-flex-start fusion-content-layout-column\"><div class=\"fusion-text fusion-text-1\"><p>Me\u0111unarodna &nbsp;znanstvena konferencija iz pomorskog prava \u201eSuvremni izazovi pomorske plovidbe\u201c <em>(International scientific maritime conference on Maritime Law \u201eModern challenges of Marine Navigation &#8211; ISCML)<\/em> odr\u017eana je prvi put 2016. godine u organizaciji Pravnog fakulteta Sveu\u010dili\u0161ta u Splitu. Konferencija ima za cilj okupiti vode\u0107e znanstvenike i prakti\u010dare iz sfere pomorskog prava radi razmjene znanja i iskustava kako bi se ukazalo na mogu\u0107e nedostatke pomorske regulative i pravne prakse te izna\u0161la rje\u0161enja za suvremene probleme s kojima se susre\u0107e pomorska industrija. Raspon tema konferencije veoma je \u0161irok; od sigurnosti pomorske plovidbe, pravnog statusa \u010dlanova posade pomorskog broda, ugovora o iskori\u0161tavanju pomorskih brodova, pomorskih havarija, za\u0161tite morskog okoli\u0161a, autonomnih brodova, aktualnih pomorskih ugroza itd.<\/p>\n<p>Konferencija, sada ve\u0107 tradicionalno, u\u017eiva pokroviteljstvo Ministarstva mora, prometa i infrastrukture, Ministarstva turizma, Ministarstva znanosti i obrazovanja, Splitsko-dalmatinske \u017eupanije i Grada Splita.<\/p>\n<p>Pisani trag ve\u0107ine izlaganja nalazi se u Zbornicima radova navedenih znanstvenih konferencija, koji su dostupni i na slu\u017ebenoj web stranici konferencije <a href=\"http:\/\/www.iscml-split.com\">www.iscml-split.com<\/a>.<\/p>\n<p><a href=\"https:\/\/hdpp.hr\/4th-iscml-split-13-14-04-2023\/\"><strong>4th International Scientific Conference on Maritime Law<\/strong><\/a> (Split, 13.-14.04.2023.)<\/p>\n<p><a href=\"https:\/\/hdpp.hr\/3rd-iscml-international-scientific-conference-on-maritime-law-split-2021\/\" rel=\"noopener\"><strong>3rd International Scientific Conference on Maritime Law<\/strong> (Split, 08.-09.04.2021.)<\/a><\/p>\n<p><a href=\"https:\/\/hdpp.hr\/2nd-iscml-international-scientific-conference-on-maritime-law-split-27-28-09-2018-2\/\" rel=\"noopener\"><strong>2nd International Scientific Conference on Maritime Law<\/strong> (Split, 27.-28.09.2018.)<\/a><\/p>\n<p><a href=\"https:\/\/hdpp.hr\/1st-iscml-international-scientific-conference-on-maritime-law-split-29-30-09-2016\/\" rel=\"noopener\"><strong>1st International Scientific Conference on Maritime Law<\/strong> (Split, 29.-30.09.2016.)<\/a><\/p>\n<\/div><\/div><\/div><\/div><\/div><div class=\"fusion-fullwidth fullwidth-box fusion-builder-row-2 fusion-flex-container nonhundred-percent-fullwidth non-hundred-percent-height-scrolling\" style=\"--awb-border-radius-top-left:0px;--awb-border-radius-top-right:0px;--awb-border-radius-bottom-right:0px;--awb-border-radius-bottom-left:0px;--awb-flex-wrap:wrap;\" ><div class=\"fusion-builder-row fusion-row fusion-flex-align-items-flex-start fusion-flex-content-wrap\" style=\"max-width:1248px;margin-left: calc(-4% \/ 2 );margin-right: calc(-4% \/ 2 );\"><div class=\"fusion-layout-column fusion_builder_column fusion-builder-column-1 fusion_builder_column_1_1 1_1 fusion-flex-column\" style=\"--awb-bg-size:cover;--awb-width-large:100%;--awb-margin-top-large:0px;--awb-spacing-right-large:1.92%;--awb-margin-bottom-large:20px;--awb-spacing-left-large:1.92%;--awb-width-medium:100%;--awb-order-medium:0;--awb-spacing-right-medium:1.92%;--awb-spacing-left-medium:1.92%;--awb-width-small:100%;--awb-order-small:0;--awb-spacing-right-small:1.92%;--awb-spacing-left-small:1.92%;\"><div class=\"fusion-column-wrapper fusion-column-has-shadow fusion-flex-justify-content-flex-start fusion-content-layout-column\"><\/div><\/div><\/div><\/div><div class=\"fusion-fullwidth fullwidth-box fusion-builder-row-3 fusion-flex-container nonhundred-percent-fullwidth non-hundred-percent-height-scrolling\" style=\"--awb-border-radius-top-left:0px;--awb-border-radius-top-right:0px;--awb-border-radius-bottom-right:0px;--awb-border-radius-bottom-left:0px;--awb-flex-wrap:wrap;\" ><div class=\"fusion-builder-row fusion-row fusion-flex-align-items-flex-start fusion-flex-content-wrap\" style=\"max-width:1248px;margin-left: calc(-4% \/ 2 );margin-right: calc(-4% \/ 2 );\"><div class=\"fusion-layout-column fusion_builder_column fusion-builder-column-2 fusion_builder_column_1_1 1_1 fusion-flex-column\" style=\"--awb-bg-size:cover;--awb-width-large:100%;--awb-margin-top-large:0px;--awb-spacing-right-large:1.92%;--awb-margin-bottom-large:20px;--awb-spacing-left-large:1.92%;--awb-width-medium:100%;--awb-order-medium:0;--awb-spacing-right-medium:1.92%;--awb-spacing-left-medium:1.92%;--awb-width-small:100%;--awb-order-small:0;--awb-spacing-right-small:1.92%;--awb-spacing-left-small:1.92%;\"><div class=\"fusion-column-wrapper fusion-column-has-shadow fusion-flex-justify-content-flex-start fusion-content-layout-column\"><\/div><\/div><\/div><\/div><div class=\"fusion-fullwidth fullwidth-box fusion-builder-row-4 fusion-flex-container nonhundred-percent-fullwidth non-hundred-percent-height-scrolling\" style=\"--awb-border-radius-top-left:0px;--awb-border-radius-top-right:0px;--awb-border-radius-bottom-right:0px;--awb-border-radius-bottom-left:0px;--awb-flex-wrap:wrap;\" ><div class=\"fusion-builder-row fusion-row fusion-flex-align-items-flex-start fusion-flex-content-wrap\" style=\"max-width:1248px;margin-left: calc(-4% \/ 2 );margin-right: calc(-4% \/ 2 );\"><div class=\"fusion-layout-column fusion_builder_column fusion-builder-column-3 fusion_builder_column_1_1 1_1 fusion-flex-column\" style=\"--awb-bg-size:cover;--awb-width-large:100%;--awb-margin-top-large:0px;--awb-spacing-right-large:1.92%;--awb-margin-bottom-large:20px;--awb-spacing-left-large:1.92%;--awb-width-medium:100%;--awb-order-medium:0;--awb-spacing-right-medium:1.92%;--awb-spacing-left-medium:1.92%;--awb-width-small:100%;--awb-order-small:0;--awb-spacing-right-small:1.92%;--awb-spacing-left-small:1.92%;\"><div class=\"fusion-column-wrapper fusion-column-has-shadow fusion-flex-justify-content-flex-start fusion-content-layout-column\"><\/div><\/div><\/div><\/div>\n","protected":false},"excerpt":{"rendered":"","protected":false},"author":1,"featured_media":0,"parent":0,"menu_order":0,"comment_status":"closed","ping_status":"closed","template":"","meta":{"_bbp_topic_count":0,"_bbp_reply_count":0,"_bbp_total_topic_count":0,"_bbp_total_reply_count":0,"_bbp_voice_count":0,"_bbp_anonymous_reply_count":0,"_bbp_topic_count_hidden":0,"_bbp_reply_count_hidden":0,"_bbp_forum_subforum_count":0,"ngg_post_thumbnail":0,"footnotes":""},"class_list":["post-1561","page","type-page","status-publish","hentry"],"translation":{"provider":"WPGlobus","version":"3.0.0","language":"gb","enabled_languages":["hr","gb"],"languages":{"hr":{"title":true,"content":true,"excerpt":false},"gb":{"title":false,"content":false,"excerpt":false}}},"_links":{"self":[{"href":"https:\/\/hdpp.hr\/gb\/wp-json\/wp\/v2\/pages\/1561","targetHints":{"allow":["GET"]}}],"collection":[{"href":"https:\/\/hdpp.hr\/gb\/wp-json\/wp\/v2\/pages"}],"about":[{"href":"https:\/\/hdpp.hr\/gb\/wp-json\/wp\/v2\/types\/page"}],"author":[{"embeddable":true,"href":"https:\/\/hdpp.hr\/gb\/wp-json\/wp\/v2\/users\/1"}],"replies":[{"embeddable":true,"href":"https:\/\/hdpp.hr\/gb\/wp-json\/wp\/v2\/comments?post=1561"}],"version-history":[{"count":10,"href":"https:\/\/hdpp.hr\/gb\/wp-json\/wp\/v2\/pages\/1561\/revisions"}],"predecessor-version":[{"id":3541,"href":"https:\/\/hdpp.hr\/gb\/wp-json\/wp\/v2\/pages\/1561\/revisions\/3541"}],"wp:attachment":[{"href":"https:\/\/hdpp.hr\/gb\/wp-json\/wp\/v2\/media?parent=1561"}],"curies":[{"name":"wp","href":"https:\/\/api.w.org\/{rel}","templated":true}]}}