{"id":1251,"date":"2021-03-18T04:07:00","date_gmt":"2021-03-18T03:07:00","guid":{"rendered":"https:\/\/hdpp.hr\/?page_id=1251"},"modified":"2021-03-18T04:07:00","modified_gmt":"2021-03-18T03:07:00","slug":"skupstina-2015","status":"publish","type":"page","link":"https:\/\/hdpp.hr\/gb\/skupstina-2015\/","title":{"rendered":"Skup\u0161tina 2015."},"content":{"rendered":"<p><strong>ZAPISNIK S REDOVITE SKUP\u0160TINE <\/strong><\/p>\n<p><strong>HRVATSKOG DRU\u0160TVA ZA POMORSKO PRAVO<\/strong><\/p>\n<p><strong>Mali Lo\u0161inj, 9. rujna 2015.<\/strong><\/p>\n<p><strong>\u00a0<\/strong><\/p>\n<p><strong>\u00a0<\/strong><\/p>\n<p>Redovita Skup\u0161tina HDPP-a zapo\u010dela je u 9 sati pozdravnim rije\u010dima predsjednika Dru\u0161tva dr.sc. Petra Kragi\u0107a i izabrana su radna tijela Skup\u0161tine. Za predsjednika radnog tijela predsjedni\u0161tva Skup\u0161tine izabran je prof.dr.sc. Dragan Bolan\u010da, dok su za \u010dlanove toga tijela izabrani dr.sc. Petar Kragi\u0107, prof.dr.sc. Dragan Bolan\u010da i dr.sc. Igor Vio.<\/p>\n<p>&nbsp;<\/p>\n<p>Na po\u010detku rasprave prof. Bolan\u010da predlo\u017eio je<\/p>\n<p>&nbsp;<\/p>\n<p><strong>Dnevni red:<\/strong><\/p>\n<p><strong>\u00a0<\/strong><\/p>\n<ol>\n<li>Izbor radnih tijela Skup\u0161tine i prijedlog dnevnog reda<\/li>\n<li>Izvje\u0161\u0107e predsjednika o radu Dru\u0161tva i suradnji s CMI<\/li>\n<li>Izvje\u0161\u0107e glavnog tajnika<\/li>\n<li>Izvje\u0161\u0107e rizni\u010dara<\/li>\n<li>Izvje\u0161\u0107e Nadzornog odbora<\/li>\n<li>Prijedlozi za prijem u \u010dlanstvo<\/li>\n<li>Uskla\u0111ivanje Statuta s odredbama Zakona o udrugama<\/li>\n<li>Regionalna suradnja s nacionalnim udrugama za pomorsko pravo<\/li>\n<li>Komentar Pomorskoga zakonika<\/li>\n<li>Nastavak rada na mre\u017enim stranicama Dru\u0161tva<\/li>\n<li>Razno<\/li>\n<\/ol>\n<p>&nbsp;<\/p>\n<p>Ad 1) Dnevni red \u00a0je jednoglasno prihva\u0107en. Za zapisni\u010darku izabrana je prof.dr.sc. Dorotea \u0106ori\u0107, a za ovjerovitelje zapisnika prof.dr.sc. Axel Luttenberger i doc.dr.sc. Biserka Rukavina. Nakon toga \u010dlanovi Skup\u0161tine minutom \u0161utnje odali su po\u010dast preminulim \u010dlanovima Dru\u0161tva \u2013 prof. W. Tetleyu, akademiku V. Ibleru, profesoru B. Luk\u0161i\u0107u, gospodinu Hrvoju Magazinovi\u0107u i kap. Ivanu \u0106ori\u0107u. Kolegica Vesna Skorupan pro\u010ditala je nekrolog o Vladimiru Ibleru.<\/p>\n<p>Ad 2) Nakon toga, Predsjednik Dru\u0161tva dr.sc. Petar Kragi\u0107 podnio je izvje\u0161\u0107e o radu Dru\u0161tva te posebice o suradnji s CMI-em. Naglasio je aktivnost \u010dlanova Dru\u0161tva u radnim grupama CMI-a. Prof. Stankovi\u0107 u svezi sudske prodaje broda, dr.sc. Adriana Padovan u svezi revizije YAP-a, te dr.sc. Mi\u0161o Mudri\u0107 u svezi ograni\u010denja odgovornosti.<\/p>\n<p>Ad 3) Nakon toga, izvje\u0161\u0107e je podnio glavni tajnik dr.sc. Igor Vio. Ustvrdio je da je zadnja Skup\u0161tina\u00a0 odr\u017eana u Zagrebu za vrijeme prezentacije sabranih djela kolege Georgija Ivkovi\u0107a. Istaknuo je da je u tom razdoblju Upravni odbor Dru\u0161tva odr\u017eao sjednicu uo\u010di Skup\u0161tine na Pravnom fakultetu u Zagrebu, te danas neposredno prije ove sjednice. Na ovim sastancima razmatrana su uglavnom pitanja u svezi izrade komentara Pomorskog zakonika, pitanje unifikacije pomorskog prava i suradnje s CMI. Kako su brojni \u010dlanovi Dru\u0161tva sudjelovali u radnoj skupini za izradu izmjenu i dopunu PZ-a, u listopadu pro\u0161le godine odr\u017eano je Znanstveno-stru\u010dno savjetovanje o Noveli PZ-a i drugim aktualnim pitanjima pomorskog i prometnog prava, a izlaganja su objavljena u \u010dasopisu \u201ePoredbeno pomorsko pravo\u201c, a Dru\u0161tvo je pomoglo i odr\u017eavanje znanstvenog skupa Jadranskog zavoda HAZU u studenom 2014.<\/p>\n<p>Ad 4) U ime rizni\u010darke dr.sc. Marije Pospi\u0161il-Miler, koja se ispri\u010dala zbog nemogu\u0107nosti dolaska izvje\u0161\u0107e je pro\u010ditala dr.sc. Vesna Skorupan Wolff. U Izvje\u0161\u0107u je istaknuto pozitivno financijsko poslovanje Dru\u0161tva za pro\u0161lu i ovu godinu. Financijsko stanje na dan 31.12.2014. iznosilo je 72,552 kn. Istaknula je da je u proteklom razdoblju, kao posljedica gospodarske krize, zabilje\u017een pad uplata \u010dlanarina od pravnih osoba. U tom pravcu, dr.sc. Igor Vio predlo\u017eio je da se \u010dlanarina za pravne osobe sa dosada\u0161njih 3.000,00 kn smanji na 2.500,00 kn.<\/p>\n<p>Ad 5) Ispred Nadzornog odbora izvje\u0161\u0107e je podnio zamjenik predsjednika Nadzornog odbora Dru\u0161tva g. Zoran Tasi\u0107. Naveo je da je uo\u010di Skup\u0161tine Nadzorni odbor pregledao knjigovodstvenu evidenciju financijskog poslovanja Dru\u0161tva za proteklo razdoblje. Ustanovljeno je da su u navedenom razdoblju uredno vo\u0111ene dokumentacija financijskog poslovanja i njezina evidencija, te da su zavr\u0161ni ra\u010duni pravodobno sastavljeni i dostavljeni nadle\u017enom tijelu \u017dupanije. Nadzorni odbor je u svom izvje\u0161\u0107u ocijenio ispravnim financijsko poslovanje Dru\u0161tva i zaklju\u010dio da su sve djelatnosti dru\u0161tva u proteklom razdoblju obavljene sukladno njegovu Statutu.<\/p>\n<p>Skup\u0161tina Dru\u0161tva usvojila je sva \u010detiri\u00a0 izvje\u0161\u0107a.<\/p>\n<p>Ad 6) Zatim su izneseni prijedlozi za primitak novih \u010dlanova: kandidati dr.sc. Jelena Grdini\u0107, Petar Crnov i Olga Jel\u010di\u0107 jednoglasno su primljeni u \u010dlanstvo.<\/p>\n<p>Ad 7) Nakon toga glavni tajnik dr.sc. Igor Vio navodi da je potrebno izvr\u0161iti uskla\u0111ivanje Statuta s odredbama Zakona o udrugama iz 2014. godine, te \u010dita prijedlog za izmjene i dopune Statuta, koje se odnose na osiguranje javnosti rada, vo\u0111enja popisa \u010dlanova, preciziranja gospodarskih djelatnosti i njihova pomirenja s neprofitnim pristupom, postupka rje\u0161avanja mogu\u0107ih sukoba interesa i sporova izme\u0111u \u010dlanova, te likvidacije udruge uz uvo\u0111enje funkcije likvidatora. Skup\u0161tina je sve predlo\u017eene izmjene i dopune Statuta jednoglasno usvojila te donijela odluke:a)\u00a0\u00a0\u00a0 da se tekst novog Statuta dostavi u registar udruga i potom objavi na mre\u017enim stranicama;b)\u00a0\u00a0\u00a0 da dr. sc. Petar Kragi\u0107, kojemu jo\u0161 traje mandat, kao predsjednik Dru\u0161tva i dalje bude ovla\u0161ten za njegovo zastupanje;c)\u00a0\u00a0\u00a0 da se za likvidatora Dru\u0161tva imenuje glavni tajnik dr.sc. Igor Vio.<\/p>\n<p>Ad 8) \u0160to se ti\u010de suradnje s dru\u0161tvima za pomorsko pravo Slovenije i Italije, dr.sc. Vio izla\u017ee program u vidu kontinuiranih zajedni\u010dkih djelatnosti, kao \u0161to je organizacija pomorskopravnih skupova, objavljivanje zbornika s tih skupova, poticanje usavr\u0161avanje mladih \u010dlanova triju dru\u0161tava, kao i pomo\u0107 kolegama u drugim dr\u017eavama s podru\u010dja Jadrana u osnivanju nacionalnih udruga za pomorsko pravo i njihovo u\u010dlanjenje u CMI.<\/p>\n<p>Ad 9) Predsjednik dr.sc. Petar Kragi\u0107 navodi da bismo nakon usvajanja Novele Pomorskog zakonika trebali aktualizirati rad na njegovu komentaru te je odlu\u010deno da se svi pripremljeni tekstovi dostave u Jadranski zavod kolegici Vesni Skorupan, koja \u0107e zatim kontaktirati sve autore sa dodatnim smjernicama.<\/p>\n<p>Ad 10) Kona\u010dno, dr.sc. Petar Kragi\u0107 isti\u010de va\u017enost oboga\u0107ivanja sadr\u017eaja mre\u017enih stranica Dru\u0161tva, te apelira na sve urednike pojedinih podru\u010dja da \u0161to prije dostave priloge.<\/p>\n<p>Ad 11) Pod to\u010dkom razno, dopredsjednik dru\u0161tva prof.dr.sc. Dragan Bolan\u010da informira \u010dlanove Skup\u0161tine o mogu\u0107nosti da se ovogodi\u0161nji znanstveno-stru\u010dni skup posve\u0107en uspomeni na prof. Vjekoslava \u0160mida, umjesto na Rabu, odr\u017ei u Splitu ili u Rijeci, a o svemu \u0107e \u010dlanove obavijestiti e-mailom kada bude postignut kona\u010dni dogovor.<\/p>\n<p>Predsjednik zahvaljuje svim \u010dlanovima i zatvara sjednicu Skup\u0161tine u 13:20.<\/p>\n<p>&nbsp;<\/p>\n<p>Zapisni\u010dar:\u00a0\u00a0\u00a0\u00a0\u00a0\u00a0\u00a0\u00a0\u00a0\u00a0\u00a0\u00a0\u00a0\u00a0\u00a0\u00a0\u00a0\u00a0\u00a0\u00a0\u00a0\u00a0\u00a0\u00a0\u00a0\u00a0\u00a0\u00a0\u00a0\u00a0\u00a0\u00a0\u00a0\u00a0\u00a0\u00a0\u00a0\u00a0\u00a0\u00a0\u00a0\u00a0\u00a0\u00a0\u00a0\u00a0\u00a0\u00a0\u00a0\u00a0\u00a0\u00a0\u00a0\u00a0\u00a0\u00a0\u00a0\u00a0\u00a0\u00a0\u00a0\u00a0\u00a0 \u00a0\u00a0 Ovjerovitelji zapisnika:<\/p>\n<p>&nbsp;<\/p>\n<p>&nbsp;<\/p>\n<p>Prof.dr.sc. Dorotea \u0106ori\u0107\u00a0\u00a0\u00a0\u00a0\u00a0\u00a0\u00a0\u00a0\u00a0\u00a0\u00a0\u00a0\u00a0\u00a0\u00a0\u00a0\u00a0\u00a0\u00a0\u00a0\u00a0\u00a0\u00a0\u00a0\u00a0\u00a0\u00a0\u00a0\u00a0\u00a0\u00a0\u00a0\u00a0\u00a0\u00a0\u00a0\u00a0\u00a0\u00a0\u00a0\u00a0\u00a0\u00a0\u00a0\u00a0\u00a0\u00a0\u00a0\u00a0 Prof.dr.sc. Axel Luttenberger<\/p>\n<p>&nbsp;<\/p>\n<p>&nbsp;<\/p>\n<p>Doc.dr.sc. Biserka Rukavina<\/p>\n","protected":false},"excerpt":{"rendered":"<p>ZAPISNIK S REDOVITE SKUP\u0160TINE HRVATSKOG DRU\u0160TVA ZA POMORSKO PRAVO Mali  [&#8230;]<\/p>\n","protected":false},"author":3,"featured_media":0,"parent":0,"menu_order":0,"comment_status":"closed","ping_status":"closed","template":"","meta":{"_bbp_topic_count":0,"_bbp_reply_count":0,"_bbp_total_topic_count":0,"_bbp_total_reply_count":0,"_bbp_voice_count":0,"_bbp_anonymous_reply_count":0,"_bbp_topic_count_hidden":0,"_bbp_reply_count_hidden":0,"_bbp_forum_subforum_count":0,"ngg_post_thumbnail":0,"footnotes":""},"class_list":["post-1251","page","type-page","status-publish","hentry"],"translation":{"provider":"WPGlobus","version":"3.0.0","language":"gb","enabled_languages":["hr","gb"],"languages":{"hr":{"title":true,"content":true,"excerpt":false},"gb":{"title":false,"content":false,"excerpt":false}}},"_links":{"self":[{"href":"https:\/\/hdpp.hr\/gb\/wp-json\/wp\/v2\/pages\/1251","targetHints":{"allow":["GET"]}}],"collection":[{"href":"https:\/\/hdpp.hr\/gb\/wp-json\/wp\/v2\/pages"}],"about":[{"href":"https:\/\/hdpp.hr\/gb\/wp-json\/wp\/v2\/types\/page"}],"author":[{"embeddable":true,"href":"https:\/\/hdpp.hr\/gb\/wp-json\/wp\/v2\/users\/3"}],"replies":[{"embeddable":true,"href":"https:\/\/hdpp.hr\/gb\/wp-json\/wp\/v2\/comments?post=1251"}],"version-history":[{"count":2,"href":"https:\/\/hdpp.hr\/gb\/wp-json\/wp\/v2\/pages\/1251\/revisions"}],"predecessor-version":[{"id":1253,"href":"https:\/\/hdpp.hr\/gb\/wp-json\/wp\/v2\/pages\/1251\/revisions\/1253"}],"wp:attachment":[{"href":"https:\/\/hdpp.hr\/gb\/wp-json\/wp\/v2\/media?parent=1251"}],"curies":[{"name":"wp","href":"https:\/\/api.w.org\/{rel}","templated":true}]}}